{"id":2866,"date":"2022-01-03T10:48:54","date_gmt":"2022-01-03T10:48:54","guid":{"rendered":"https:\/\/www.navigatorinvest.com\/befektetoknek\/"},"modified":"2023-03-27T16:16:17","modified_gmt":"2023-03-27T16:16:17","slug":"befektetoknek","status":"publish","type":"page","link":"https:\/\/www.navigatorinvest.com\/en\/befektetoknek\/","title":{"rendered":"Investors corner"},"content":{"rendered":"<div class=\"wpb-content-wrapper\"><p>[vc_row][vc_column][investment_call_to_action title=&#8221;Information Document {of NAVIGATOR}&#8221; subtitle=&#8221;Download our Information Document and get to know NAVIGATOR Group better&#8221; button_text=&#8221;Download&#8221; button_url=&#8221;https:\/\/www.navigatorinvest.com\/wp-content\/uploads\/2022\/12\/NAVIGATOR_UJ_InfoDok_eng_final_exp20230327.pdf&#8221;][\/vc_column][\/vc_row][vc_row][vc_column][investment_call_to_action title=&#8221;Semi-annual report {2022 I. half}&#8221; subtitle=&#8221;What happened to NAVIGATOR in 2022 H1? Download our semi-annual report (non-audited)&#8221; button_text=&#8221;Download&#8221; button_url=&#8221;https:\/\/www.navigatorinvest.com\/wp-content\/uploads\/2022\/12\/NI-2022H1-jelentes_final_EN_EUR_exp20230327.pdf&#8221;][\/vc_column][\/vc_row]<\/p>\n<\/div>","protected":false},"excerpt":{"rendered":"<p>[vc_row][vc_column][investment_call_to_action title=&#8221;Information Document {of NAVIGATOR}&#8221; subtitle=&#8221;Download our Information Document and get to know NAVIGATOR Group better&#8221; button_text=&#8221;Download&#8221; button_url=&#8221;https:\/\/www.navigatorinvest.com\/wp-content\/uploads\/2022\/12\/NAVIGATOR_UJ_InfoDok_eng_final_exp20230327.pdf&#8221;][\/vc_column][\/vc_row][vc_row][vc_column][investment_call_to_action title=&#8221;Semi-annual report {2022 I. half}&#8221; subtitle=&#8221;What happened to NAVIGATOR in 2022 H1? Download our semi-annual report (non-audited)&#8221;<\/p>\n<div class=\"read-more-wrap\"><a href=\"https:\/\/www.navigatorinvest.com\/en\/befektetoknek\/\" class=\"button btn-secondary btn_normal\">  <i class=\"icon-arrows-slim-right\"><\/i><\/a><\/div>\n","protected":false},"author":3,"featured_media":0,"parent":0,"menu_order":0,"comment_status":"closed","ping_status":"closed","template":"","meta":{"footnotes":""},"class_list":["post-2866","page","type-page","status-publish","hentry"],"yoast_head":"<!-- This site is optimized with the Yoast SEO plugin v27.5 - https:\/\/yoast.com\/product\/yoast-seo-wordpress\/ -->\n<title>Investors corner - NAVIGATOR Investments Nyrt.<\/title>\n<meta name=\"description\" content=\"NAVIGATOR is a listed company on the Xtend platform of the Budapest Stock Exchange, active in industrial investments and consulting.\" \/>\n<meta name=\"robots\" content=\"index, follow, max-snippet:-1, max-image-preview:large, max-video-preview:-1\" \/>\n<link rel=\"canonical\" href=\"https:\/\/www.navigatorinvest.com\/en\/befektetoknek\/\" \/>\n<meta property=\"og:locale\" content=\"en_US\" \/>\n<meta property=\"og:type\" content=\"article\" \/>\n<meta property=\"og:title\" content=\"Investors corner - NAVIGATOR Investments Nyrt.\" \/>\n<meta property=\"og:description\" content=\"NAVIGATOR is a listed company on the Xtend platform of the Budapest Stock Exchange, active in industrial investments and consulting.\" \/>\n<meta property=\"og:url\" content=\"https:\/\/www.navigatorinvest.com\/en\/befektetoknek\/\" \/>\n<meta property=\"og:site_name\" content=\"NAVIGATOR Investments Nyrt.\" \/>\n<meta property=\"article:modified_time\" content=\"2023-03-27T16:16:17+00:00\" \/>\n<meta name=\"twitter:card\" content=\"summary_large_image\" \/>\n<meta name=\"twitter:label1\" content=\"Est. reading time\" \/>\n\t<meta name=\"twitter:data1\" content=\"1 minute\" \/>\n<script type=\"application\/ld+json\" class=\"yoast-schema-graph\">{\"@context\":\"https:\\\/\\\/schema.org\",\"@graph\":[{\"@type\":\"WebPage\",\"@id\":\"https:\\\/\\\/www.navigatorinvest.com\\\/en\\\/befektetoknek\\\/\",\"url\":\"https:\\\/\\\/www.navigatorinvest.com\\\/en\\\/befektetoknek\\\/\",\"name\":\"Investors corner - NAVIGATOR Investments Nyrt.\",\"isPartOf\":{\"@id\":\"https:\\\/\\\/www.navigatorinvest.com\\\/en\\\/#website\"},\"datePublished\":\"2022-01-03T10:48:54+00:00\",\"dateModified\":\"2023-03-27T16:16:17+00:00\",\"description\":\"NAVIGATOR is a listed company on the Xtend platform of the Budapest Stock Exchange, active in industrial investments and consulting.\",\"breadcrumb\":{\"@id\":\"https:\\\/\\\/www.navigatorinvest.com\\\/en\\\/befektetoknek\\\/#breadcrumb\"},\"inLanguage\":\"en-US\",\"potentialAction\":[{\"@type\":\"ReadAction\",\"target\":[\"https:\\\/\\\/www.navigatorinvest.com\\\/en\\\/befektetoknek\\\/\"]}]},{\"@type\":\"BreadcrumbList\",\"@id\":\"https:\\\/\\\/www.navigatorinvest.com\\\/en\\\/befektetoknek\\\/#breadcrumb\",\"itemListElement\":[{\"@type\":\"ListItem\",\"position\":1,\"name\":\"Home\",\"item\":\"https:\\\/\\\/www.navigatorinvest.com\\\/en\\\/\"},{\"@type\":\"ListItem\",\"position\":2,\"name\":\"Investors corner\"}]},{\"@type\":\"WebSite\",\"@id\":\"https:\\\/\\\/www.navigatorinvest.com\\\/en\\\/#website\",\"url\":\"https:\\\/\\\/www.navigatorinvest.com\\\/en\\\/\",\"name\":\"NAVIGATOR Investments Nyrt.\",\"description\":\"Az innovat\u00edv technol\u00f3gi\u00e1k \u00e9s a KKV szektor befektet\u0151je\",\"publisher\":{\"@id\":\"https:\\\/\\\/www.navigatorinvest.com\\\/en\\\/#organization\"},\"potentialAction\":[{\"@type\":\"SearchAction\",\"target\":{\"@type\":\"EntryPoint\",\"urlTemplate\":\"https:\\\/\\\/www.navigatorinvest.com\\\/en\\\/?s={search_term_string}\"},\"query-input\":{\"@type\":\"PropertyValueSpecification\",\"valueRequired\":true,\"valueName\":\"search_term_string\"}}],\"inLanguage\":\"en-US\"},{\"@type\":\"Organization\",\"@id\":\"https:\\\/\\\/www.navigatorinvest.com\\\/en\\\/#organization\",\"name\":\"Navigator Investments Zrt.\",\"url\":\"https:\\\/\\\/www.navigatorinvest.com\\\/en\\\/\",\"logo\":{\"@type\":\"ImageObject\",\"inLanguage\":\"en-US\",\"@id\":\"https:\\\/\\\/www.navigatorinvest.com\\\/en\\\/#\\\/schema\\\/logo\\\/image\\\/\",\"url\":\"https:\\\/\\\/www.navigatorinvest.com\\\/wp-content\\\/uploads\\\/2022\\\/01\\\/navigator-logo-cegtortenet-frissitett.png\",\"contentUrl\":\"https:\\\/\\\/www.navigatorinvest.com\\\/wp-content\\\/uploads\\\/2022\\\/01\\\/navigator-logo-cegtortenet-frissitett.png\",\"width\":200,\"height\":200,\"caption\":\"Navigator Investments Zrt.\"},\"image\":{\"@id\":\"https:\\\/\\\/www.navigatorinvest.com\\\/en\\\/#\\\/schema\\\/logo\\\/image\\\/\"}}]}<\/script>\n<!-- \/ Yoast SEO plugin. -->","yoast_head_json":{"title":"Investors corner - NAVIGATOR Investments Nyrt.","description":"NAVIGATOR is a listed company on the Xtend platform of the Budapest Stock Exchange, active in industrial investments and consulting.","robots":{"index":"index","follow":"follow","max-snippet":"max-snippet:-1","max-image-preview":"max-image-preview:large","max-video-preview":"max-video-preview:-1"},"canonical":"https:\/\/www.navigatorinvest.com\/en\/befektetoknek\/","og_locale":"en_US","og_type":"article","og_title":"Investors corner - NAVIGATOR Investments Nyrt.","og_description":"NAVIGATOR is a listed company on the Xtend platform of the Budapest Stock Exchange, active in industrial investments and consulting.","og_url":"https:\/\/www.navigatorinvest.com\/en\/befektetoknek\/","og_site_name":"NAVIGATOR Investments Nyrt.","article_modified_time":"2023-03-27T16:16:17+00:00","twitter_card":"summary_large_image","twitter_misc":{"Est. reading time":"1 minute"},"schema":{"@context":"https:\/\/schema.org","@graph":[{"@type":"WebPage","@id":"https:\/\/www.navigatorinvest.com\/en\/befektetoknek\/","url":"https:\/\/www.navigatorinvest.com\/en\/befektetoknek\/","name":"Investors corner - NAVIGATOR Investments Nyrt.","isPartOf":{"@id":"https:\/\/www.navigatorinvest.com\/en\/#website"},"datePublished":"2022-01-03T10:48:54+00:00","dateModified":"2023-03-27T16:16:17+00:00","description":"NAVIGATOR is a listed company on the Xtend platform of the Budapest Stock Exchange, active in industrial investments and consulting.","breadcrumb":{"@id":"https:\/\/www.navigatorinvest.com\/en\/befektetoknek\/#breadcrumb"},"inLanguage":"en-US","potentialAction":[{"@type":"ReadAction","target":["https:\/\/www.navigatorinvest.com\/en\/befektetoknek\/"]}]},{"@type":"BreadcrumbList","@id":"https:\/\/www.navigatorinvest.com\/en\/befektetoknek\/#breadcrumb","itemListElement":[{"@type":"ListItem","position":1,"name":"Home","item":"https:\/\/www.navigatorinvest.com\/en\/"},{"@type":"ListItem","position":2,"name":"Investors corner"}]},{"@type":"WebSite","@id":"https:\/\/www.navigatorinvest.com\/en\/#website","url":"https:\/\/www.navigatorinvest.com\/en\/","name":"NAVIGATOR Investments Nyrt.","description":"Az innovat\u00edv technol\u00f3gi\u00e1k \u00e9s a KKV szektor befektet\u0151je","publisher":{"@id":"https:\/\/www.navigatorinvest.com\/en\/#organization"},"potentialAction":[{"@type":"SearchAction","target":{"@type":"EntryPoint","urlTemplate":"https:\/\/www.navigatorinvest.com\/en\/?s={search_term_string}"},"query-input":{"@type":"PropertyValueSpecification","valueRequired":true,"valueName":"search_term_string"}}],"inLanguage":"en-US"},{"@type":"Organization","@id":"https:\/\/www.navigatorinvest.com\/en\/#organization","name":"Navigator Investments Zrt.","url":"https:\/\/www.navigatorinvest.com\/en\/","logo":{"@type":"ImageObject","inLanguage":"en-US","@id":"https:\/\/www.navigatorinvest.com\/en\/#\/schema\/logo\/image\/","url":"https:\/\/www.navigatorinvest.com\/wp-content\/uploads\/2022\/01\/navigator-logo-cegtortenet-frissitett.png","contentUrl":"https:\/\/www.navigatorinvest.com\/wp-content\/uploads\/2022\/01\/navigator-logo-cegtortenet-frissitett.png","width":200,"height":200,"caption":"Navigator Investments Zrt."},"image":{"@id":"https:\/\/www.navigatorinvest.com\/en\/#\/schema\/logo\/image\/"}}]}},"post_mailing_queue_ids":[],"_links":{"self":[{"href":"https:\/\/www.navigatorinvest.com\/en\/wp-json\/wp\/v2\/pages\/2866","targetHints":{"allow":["GET"]}}],"collection":[{"href":"https:\/\/www.navigatorinvest.com\/en\/wp-json\/wp\/v2\/pages"}],"about":[{"href":"https:\/\/www.navigatorinvest.com\/en\/wp-json\/wp\/v2\/types\/page"}],"author":[{"embeddable":true,"href":"https:\/\/www.navigatorinvest.com\/en\/wp-json\/wp\/v2\/users\/3"}],"replies":[{"embeddable":true,"href":"https:\/\/www.navigatorinvest.com\/en\/wp-json\/wp\/v2\/comments?post=2866"}],"version-history":[{"count":8,"href":"https:\/\/www.navigatorinvest.com\/en\/wp-json\/wp\/v2\/pages\/2866\/revisions"}],"predecessor-version":[{"id":3411,"href":"https:\/\/www.navigatorinvest.com\/en\/wp-json\/wp\/v2\/pages\/2866\/revisions\/3411"}],"wp:attachment":[{"href":"https:\/\/www.navigatorinvest.com\/en\/wp-json\/wp\/v2\/media?parent=2866"}],"curies":[{"name":"wp","href":"https:\/\/api.w.org\/{rel}","templated":true}]}}