{"id":2875,"date":"2022-05-05T12:18:50","date_gmt":"2022-05-05T12:18:50","guid":{"rendered":"https:\/\/www.navigatorinvest.com\/rendezveny-regisztracio\/"},"modified":"2023-04-21T09:34:43","modified_gmt":"2023-04-21T09:34:43","slug":"rendezveny-regisztracio","status":"publish","type":"page","link":"https:\/\/www.navigatorinvest.com\/en\/rendezveny-regisztracio\/","title":{"rendered":"Rendezv\u00e9ny regisztr\u00e1ci\u00f3"},"content":{"rendered":"<div class=\"wpb-content-wrapper\"><p>[vc_row][vc_column][investment_feature type=&#8221;openiconic&#8221; icon_openiconic=&#8221;vc-oi vc-oi-location-alt&#8221; title=&#8221;St. Andrea Wine &amp; Skybar&#8221; link=&#8221;&#8221;]3-5. De\u00e1k Ferenc street, Budapest, H-1052[\/investment_feature][investment_feature type=&#8221;openiconic&#8221; icon_openiconic=&#8221;vc-oi vc-oi-calendar&#8221; title=&#8221;2nd June 2022&#8243; link=&#8221;&#8221;]From 18:30 CET[\/investment_feature][vc_empty_space height=&#8221;40px&#8221;][\/vc_column][\/vc_row][vc_row el_class=&#8221;center-content&#8221;][vc_column width=&#8221;5\/6&#8243;][vc_column_text]<!--noptimize--><div class=\"rmagic rm_theme_matchmytheme rm_layout_label_top\"><style><\/style><style><\/style><div class=\"rmcontent\"><pre class=\"rm-pre-wrapper-for-script-tags\"><script>\r\n                \r\nif (typeof window['rm_multipage'] == 'undefined') {\r\n\r\n    rm_multipage = {\r\n        global_page_no_form_1_1: 1\r\n    };\r\n\r\n}\r\nelse\r\n rm_multipage.global_page_no_form_1_1 = 1;\r\n\r\nfunction gotonext_form_1_1(){\r\n        \/* Making sure action attribute is empty *\/\r\n        jQuery(\"form.rmagic-form\").attr(\"action\",\"\");\r\n        maxpage = 1 ;\r\n        var form_object= jQuery(\"#rm_form_page_form_1_1_\"+rm_multipage.global_page_no_form_1_1).closest(\"form\");\r\n        var submit_btn= form_object.find(\"[type=submit]:not(.rm_noscript_btn)\");\r\n        jQuery.validator.setDefaults({errorClass: 'rm-form-field-invalid-msg',\n                ignore:':hidden,.ignore,:not(:visible),.rm_untouched',wrapper:'div',\n                errorPlacement: function(error, element) {\n                    \/\/error.appendTo(element.closest('.rminput'));\n                    error.appendTo(element.closest('div'));\n                },\n                rules: {\n                    email_confirmation: {\n                        required: true,\n                        equalTo: \"#rm_reg_form_email_1_1\"\n                    }\n                },\n                messages: {\n                    email_confirmation: {\n                        equalTo: \"Emails do not match\"\n                    }\n                }\n            });\r\n        form_object.find('input.rm_price_field_quantity').each(function() {\r\n            if(typeof jQuery(this).attr('min') == 'undefined') {\r\n                jQuery(this).attr('min', 0);\r\n            }\r\n        });\r\n        if(form_object.find('.rm_privacy_cb').is(':visible')) {\r\n            if(!form_object.find('.rm_privacy_cb').prop('checked')){\r\n                \/\/form_object.find('.rm_privacy_cb').trigger('change');\r\n                form_object.find('.rm_privacy_cb').focus();\r\n                form_object.find('.rm_privacy_cb').parent().parent().siblings('div.rm-form-error-message').show();\r\n                return false;\r\n            }\r\n        }\r\n        if(jQuery(\"#rm_form_page_form_1_1_\"+rm_multipage.global_page_no_form_1_1+\" :input\").length > 0)\r\n        {\r\n            var elements_to_validate= jQuery(\"#rm_form_page_form_1_1_\"+rm_multipage.global_page_no_form_1_1+\" :input\");\r\n            var valid = elements_to_validate.valid();\r\n            elements_to_validate.each(function(){\r\n            var if_mobile= jQuery(this).attr('data-mobile-intel-field');\r\n            if(if_mobile){\r\n                var tel_error = rm_toggle_tel_error(this.dataset.validnumber,jQuery(this),jQuery(this).data('error-message'));\r\n                if(tel_error){\r\n                    valid= false;\r\n                }\r\n                else\r\n                {\r\n                    jQuery(this).val(this.dataset.fullnumber);\r\n                }\r\n            }\r\n            });\r\n                \r\n            if(!valid)\r\n            {\r\n                setTimeout(function(){ submit_btn.prop('disabled',false); submit_btn.addClass('rm-submit-btn-show'); }, 1000);\r\n                var error_element= jQuery(document).find(\"input.rm-form-field-invalid-msg\")[0];\r\n                if(error_element){\r\n                    error_element.focus();\r\n                }\r\n                return false;\r\n            }\r\n        }\r\n        \r\n        \/* Server validation for Username and Email field *\/\r\n        for(var i=0;i<rm_validation_attr.length;i++){\r\n            var validation_flag= true;\r\n            jQuery(\"[\" + rm_validation_attr[i] + \"=0]\").each(function(){\r\n               validation_flag= false;\r\n               return false;\r\n            });\r\n            \r\n            if(!validation_flag)\r\n              return;\r\n        }\r\n        \r\n        \r\n        rm_multipage.global_page_no_form_1_1++;\r\n        \r\n        \/*skip blank form pages*\/\r\n        while(jQuery(\"#rm_form_page_form_1_1_\"+rm_multipage.global_page_no_form_1_1+\" :input\").length == 0)\r\n        {\r\n        \r\n            if(maxpage <= rm_multipage.global_page_no_form_1_1)\r\n            {\r\n                    if(jQuery(\"#rm_form_page_form_1_1_\"+rm_multipage.global_page_no_form_1_1+\" :input\").length == 0){\r\n                        jQuery(\"#rm_next_form_page_button_1_1\").prop('type','submit');\r\n                        jQuery(\"#rm_prev_form_page_button_1_1\").prop('disabled',true);\r\n                        return;\r\n                    }        \r\n                    else\r\n                        break;\r\n            }\r\n        \r\n            rm_multipage.global_page_no_form_1_1++;\r\n        }\r\n            \r\n\t\r\n\tif(maxpage < rm_multipage.global_page_no_form_1_1)\r\n\t{\r\n\t\trm_multipage.global_page_no_form_1_1 = maxpage;\r\n\t\tjQuery(\"#rm_next_form_page_button_1_1\").prop('type','submit');\r\n                jQuery(\"#rm_prev_form_page_button_1_1\").prop('disabled',true);\r\n\t\treturn;\r\n\t}\r\n\tjQuery(\".rmformpage_form_1_1\").each(function (){\r\n\t\tvar visibledivid = \"rm_form_page_form_1_1_\"+rm_multipage.global_page_no_form_1_1;\r\n\t\tif(jQuery(this).attr('id') == visibledivid)\r\n\t\t\tjQuery(this).show();\r\n\t\telse\r\n\t\t\tjQuery(this).hide();\r\n\t});\r\n        jQuery('html, body').animate({\r\n            scrollTop: (jQuery('.rmformpage_form_1_1').first().offset().top)\r\n        },500);\r\n        jQuery(\"#rm_prev_form_page_button_1_1\").prop('disabled',false);\r\n        rmInitGoogleApi();\r\n}\r\nfunction gotoprev_form_1_1(){\r\n\t\r\n\tmaxpage = 1 ;\r\n        var form_object= jQuery(\"#rm_form_page_form_1_1_\"+rm_multipage.global_page_no_form_1_1).closest(\"form\");\r\n\trm_multipage.global_page_no_form_1_1--;\r\n        jQuery(\"#rm_next_form_page_button_1_1\").attr('type','button');\r\n        \/*\r\n        if(form_object.find('.rm_privacy_cb').is(':visible')) {\r\n            if(!form_object.find('.rm_privacy_cb').prop('checked')){\r\n                \/\/form_object.find('.rm_privacy_cb').trigger('change');\r\n                form_object.find('.rm_privacy_cb').focus();\r\n                form_object.find('.rm_privacy_cb').parent().parent().siblings('div.rm-form-error-message').show();\r\n                return false;\r\n            }\r\n        }\r\n        *\/\r\n        \/*skip blank form pages*\/\r\n        while(jQuery(\"#rm_form_page_form_1_1_\"+rm_multipage.global_page_no_form_1_1+\" :input\").length == 0)\r\n        {\r\n            if(1 >= rm_multipage.global_page_no_form_1_1)\r\n            {\r\n                    if(jQuery(\"#rm_form_page_form_1_1_\"+rm_multipage.global_page_no_form_1_1+\" :input\").length == 0){\r\n                        rm_multipage.global_page_no_form_1_1 = 1;\r\n                        jQuery(\"#rm_prev_form_page_button_1_1\").prop('disabled',true);\r\n                        return;\r\n                    }        \r\n                    else\r\n                        break;\r\n            }\r\n        \r\n            rm_multipage.global_page_no_form_1_1--;\r\n        }\r\n        \r\n\tjQuery(\".rmformpage_form_1_1\").each(function (){\r\n\t\tvar visibledivid = \"rm_form_page_form_1_1_\"+rm_multipage.global_page_no_form_1_1;\r\n\t\tif(jQuery(this).attr('id') == visibledivid)\r\n\t\t\tjQuery(this).show();\r\n\t\telse\r\n\t\t\tjQuery(this).hide();\r\n\t});\r\n        \r\n        if(rm_multipage.global_page_no_form_1_1 <= 1)\r\n        {\r\n            rm_multipage.global_page_no_form_1_1 = 1;\r\n            jQuery(\"#rm_prev_form_page_button_1_1\").prop('disabled',true);\r\n        }\r\n        jQuery('html, body').animate({\r\n            scrollTop: (jQuery('.rmformpage_form_1_1').first().offset().top)\r\n        },500);\r\n}         \r\n<\/script><\/pre><style type=\"text\/css\">label span.required { color: #B94A48; }span.help-inline, span.help-block { color: #888; font-size: .9em; font-style: italic; }<\/style><form novalidate onsubmit=\"return gotonext_form_1_1()\" autocomplete=\"off\" action id=\"form_1_1\" method=\"post\" class=\"rmagic-form rmagic-form-btn-center form-vertical\" name=\"rm_form\" number=\"1\"><fieldset><input type=\"hidden\" name=\"rm_form_sub_id\" value=form_1_1><input type=\"hidden\" name=\"rm_form_sub_no\" value=1><input type=\"hidden\" name=\"rm_cond_hidden_fields\" id=\"rm_cond_hidden_fields\" value=\"\"><div id=\"rm_stat_container\"><div class=\"rmagic-field\"><label class=\"rmfield\" for=\"form_1_1-element-1\" style=\"\">RM_Stats<\/label><div class=\"rminput\"><input type=\"text\" name=\"stat_id\" value=\"__uninit\" style=\"display:none\" id=\"form_1_1-element-1\"\/><\/div><\/div><\/div><div class=\"rm_form_page rmformpage_form_1_1\" id=\"rm_form_page_form_1_1_1\"><fieldset class='rmfieldset'><div class=\"rmagic-row\" data-bmargin=\"0\"><div class=\"rmagic-fields-wrap\"><div class=\"rmagic-col rmagic-col-6\"><div class=\"rmagic-field\"><label class=\"rmfield\" for=\"form_1_1-element-8\" style=\"\">Vezet\u00e9kn\u00e9v<sup class=\"required\">&nbsp;*<\/sup><\/label><div class=\"rminput\"><input type=\"text\" name=\"Textbox_1\" placeholder=\"Vezet\u00e9kn\u00e9v...\" required id=\"form_1_1-element-8\"\/><\/div><\/div><\/div><div class=\"rmagic-col rmagic-col-6\"><div class=\"rmagic-field\"><label class=\"rmfield\" for=\"form_1_1-element-11\" style=\"\">Keresztn\u00e9v<sup class=\"required\">&nbsp;*<\/sup><\/label><div class=\"rminput\"><input type=\"text\" name=\"Textbox_2\" placeholder=\"Keresztn\u00e9v...\" required id=\"form_1_1-element-11\"\/><\/div><\/div><\/div><\/div><\/div><div class=\"rmagic-row\" data-bmargin=\"0\"><div class=\"rmagic-fields-wrap\"><div class=\"rmagic-col rmagic-col-12\"><div class=\"rmagic-field\"><label class=\"rmfield\" for=\"rm_reg_form_email_1_1\" style=\"\">E-mail<sup class=\"required\">&nbsp;*<\/sup><\/label><div class=\"rminput\"><input type=\"email\" name=\"Email_3\" placeholder=\"Prefer\u00e1lt e-mail c\u00edm...\" required id=\"rm_reg_form_email_1_1\"\/><\/div><\/div><\/div><\/div><\/div><div class=\"rmagic-row\" data-bmargin=\"0\"><div class=\"rmagic-fields-wrap\"><div class=\"rmagic-col rmagic-col-12\"><div class=\"rmagic-field\"><label class=\"rmfield\" for=\"form_1_1-element-25\" style=\"\">K\u00e9rj\u00fck jel\u00f6lje, hogy h\u00e1nyan \u00e9rkezn\u00e9nek?<sup class=\"required\">&nbsp;*<\/sup><\/label><div class=\"rminput\"><ul class=\"rmradio\" \"><li> <input id=\"form_1_1-element-25-0\" type=\"radio\" name=\"Radio_9\" required rm_textbox=\"User Input\" value=\"1\"\/><label for=\"form_1_1-element-25-0\"> 1<\/label> <\/li> <li> <input id=\"form_1_1-element-25-1\" type=\"radio\" name=\"Radio_9\" required rm_textbox=\"User Input\" value=\"2\"\/><label for=\"form_1_1-element-25-1\"> 2<\/label> <\/li> <\/ul><\/div><\/div><\/div><\/div><\/div><\/fieldset><\/div><div class=\"buttonarea\"><input   type=\"submit\" value=\"Regisztr\u00e1ci\u00f3 elk\u00fcld\u00e9se\" name=\"rm_sb_btn\" id=\"rm_next_form_page_button_1_1\" class=\"rm_next_btn rm-btn rm-btn-primary button button-primary\"\/> <input   type=\"submit\" value=\"Regisztr\u00e1ci\u00f3 elk\u00fcld\u00e9se\" name=\"rm_sb_btn\" class=\"rm_noscript_btn rm-btn rm-btn-primary button button-primary\" id=\"form_1_1-element-32\"\/><\/div><\/fieldset><\/form><pre class=\"rm-pre-wrapper-for-script-tags\"><script type=\"text\/javascript\">jQuery(document).ready(function() {\t\tjQuery(\"#form_1_1\").bind(\"submit\", function(){\n                        \/\/jQuery(this).find(\"input[name=rm_slug]\").attr(\"value\",jQuery(this).find(\"input[name=submit]\").attr(\"value\"));\n\t\t\tjQuery(this).find(\"input[type=submit]\").attr(\"disabled\", \"disabled\"); \n\t\t});            \n                   \n                   jQuery(\"#rm_reg_form_email_1_1\").change(function(){\n                   var data = {\n                           'action': 'rm_user_exists',\n                           'rm_sec_nonce': '0b8f55beb9',\n                           'rm_slug': 'rm_user_exists',\n                           'email': jQuery(this).val(),\n                           'attr': 'data-rm-valid-email',\n                           'form_id':\"1\"\n                   };\n                   \n                   rm_user_exists(this,rm_ajax_url,data);\n                  \n                 });\n           }); <\/script><\/pre>        <noscript>\n            <div class=\"rm-js-disabled\"><b>Note: It looks like JavaScript is disabled in your browser. Some elements of this form may require JavaScript to work properly. If you have trouble submitting the form, try enabling JavaScript momentarily and resubmit. JavaScript settings are usually found in Browser Settings or Browser Developer menu.<\/b><\/div>\n            <style>\n                .rm_next_btn {display:none !important}\n                .rm_noscript_btn {display: block !important}\n            <\/style>\n        <\/noscript>\n    <\/div><\/div><!--\/noptimize-->[\/vc_column_text][\/vc_column][\/vc_row][vc_row][vc_column][vc_empty_space height=&#8221;40px&#8221;][vc_separator][vc_column_text]<\/p>\n<p style=\"text-align: justify;\">In compliance with the law on certain aspects of information society services and the EU GDPR, we inform you that you are receiving this email because we have been in contact with you in the past and your contact details are listed in our partner database. If you have been disturbed and do not wish to receive such emails in the future, please select the unsubscribe option at the end of the email.<\/p>\n<p style=\"text-align: justify;\">Data processor: NAVIGATOR Investments Zrt. All rights reserved!<\/p>\n<p style=\"text-align: justify;\">You can read our Privacy Policy by <a href=\"https:\/\/www.navigatorinvest.com\/en\/adatkezelesi-tajekoztato\/\">clicking here<\/a>.<\/p>\n<p>[\/vc_column_text][\/vc_column][\/vc_row]<\/p>\n<\/div>","protected":false},"excerpt":{"rendered":"<p>[vc_row][vc_column][investment_feature type=&#8221;openiconic&#8221; icon_openiconic=&#8221;vc-oi vc-oi-location-alt&#8221; title=&#8221;St. Andrea Wine &amp; Skybar&#8221; link=&#8221;&#8221;]3-5. De\u00e1k Ferenc street, Budapest, H-1052[\/investment_feature][investment_feature type=&#8221;openiconic&#8221; icon_openiconic=&#8221;vc-oi vc-oi-calendar&#8221; title=&#8221;2nd June 2022&#8243; link=&#8221;&#8221;]From 18:30 CET[\/investment_feature][vc_empty_space height=&#8221;40px&#8221;][\/vc_column][\/vc_row][vc_row el_class=&#8221;center-content&#8221;][vc_column width=&#8221;5\/6&#8243;][vc_column_text][\/vc_column_text][\/vc_column][\/vc_row][vc_row][vc_column][vc_empty_space height=&#8221;40px&#8221;][vc_separator][vc_column_text] In compliance with the law on certain<\/p>\n<div class=\"read-more-wrap\"><a href=\"https:\/\/www.navigatorinvest.com\/en\/rendezveny-regisztracio\/\" class=\"button btn-secondary btn_normal\">  <i class=\"icon-arrows-slim-right\"><\/i><\/a><\/div>\n","protected":false},"author":1,"featured_media":0,"parent":0,"menu_order":0,"comment_status":"closed","ping_status":"closed","template":"","meta":{"footnotes":""},"class_list":["post-2875","page","type-page","status-publish","hentry"],"yoast_head":"<!-- This site is optimized with the Yoast SEO plugin v27.6 - https:\/\/yoast.com\/product\/yoast-seo-wordpress\/ -->\n<title>Rendezv\u00e9ny regisztr\u00e1ci\u00f3 - NAVIGATOR Investments Nyrt.<\/title>\n<meta name=\"robots\" content=\"index, follow, max-snippet:-1, max-image-preview:large, max-video-preview:-1\" \/>\n<link rel=\"canonical\" href=\"https:\/\/www.navigatorinvest.com\/en\/rendezveny-regisztracio\/\" \/>\n<meta property=\"og:locale\" content=\"en_US\" \/>\n<meta property=\"og:type\" content=\"article\" \/>\n<meta property=\"og:title\" content=\"Rendezv\u00e9ny regisztr\u00e1ci\u00f3 - NAVIGATOR Investments Nyrt.\" \/>\n<meta property=\"og:description\" content=\"[vc_row][vc_column][investment_feature type=&#8221;openiconic&#8221; icon_openiconic=&#8221;vc-oi vc-oi-location-alt&#8221; title=&#8221;St. Andrea Wine &amp; Skybar&#8221; link=&#8221;&#8221;]3-5. De\u00e1k Ferenc street, Budapest, H-1052[\/investment_feature][investment_feature type=&#8221;openiconic&#8221; icon_openiconic=&#8221;vc-oi vc-oi-calendar&#8221; title=&#8221;2nd June 2022&#8243; link=&#8221;&#8221;]From 18:30 CET[\/investment_feature][vc_empty_space height=&#8221;40px&#8221;][\/vc_column][\/vc_row][vc_row el_class=&#8221;center-content&#8221;][vc_column width=&#8221;5\/6&#8243;][vc_column_text][\/vc_column_text][\/vc_column][\/vc_row][vc_row][vc_column][vc_empty_space height=&#8221;40px&#8221;][vc_separator][vc_column_text] In compliance with the law on certain\" \/>\n<meta property=\"og:url\" content=\"https:\/\/www.navigatorinvest.com\/en\/rendezveny-regisztracio\/\" \/>\n<meta property=\"og:site_name\" content=\"NAVIGATOR Investments Nyrt.\" \/>\n<meta property=\"article:modified_time\" content=\"2023-04-21T09:34:43+00:00\" \/>\n<meta name=\"twitter:card\" content=\"summary_large_image\" \/>\n<meta name=\"twitter:label1\" content=\"Est. reading time\" \/>\n\t<meta name=\"twitter:data1\" content=\"1 minute\" \/>\n<script type=\"application\/ld+json\" class=\"yoast-schema-graph\">{\"@context\":\"https:\\\/\\\/schema.org\",\"@graph\":[{\"@type\":\"WebPage\",\"@id\":\"https:\\\/\\\/www.navigatorinvest.com\\\/en\\\/rendezveny-regisztracio\\\/\",\"url\":\"https:\\\/\\\/www.navigatorinvest.com\\\/en\\\/rendezveny-regisztracio\\\/\",\"name\":\"Rendezv\u00e9ny regisztr\u00e1ci\u00f3 - NAVIGATOR Investments Nyrt.\",\"isPartOf\":{\"@id\":\"https:\\\/\\\/www.navigatorinvest.com\\\/en\\\/#website\"},\"datePublished\":\"2022-05-05T12:18:50+00:00\",\"dateModified\":\"2023-04-21T09:34:43+00:00\",\"breadcrumb\":{\"@id\":\"https:\\\/\\\/www.navigatorinvest.com\\\/en\\\/rendezveny-regisztracio\\\/#breadcrumb\"},\"inLanguage\":\"en-US\",\"potentialAction\":[{\"@type\":\"ReadAction\",\"target\":[\"https:\\\/\\\/www.navigatorinvest.com\\\/en\\\/rendezveny-regisztracio\\\/\"]}]},{\"@type\":\"BreadcrumbList\",\"@id\":\"https:\\\/\\\/www.navigatorinvest.com\\\/en\\\/rendezveny-regisztracio\\\/#breadcrumb\",\"itemListElement\":[{\"@type\":\"ListItem\",\"position\":1,\"name\":\"Home\",\"item\":\"https:\\\/\\\/www.navigatorinvest.com\\\/en\\\/\"},{\"@type\":\"ListItem\",\"position\":2,\"name\":\"Rendezv\u00e9ny regisztr\u00e1ci\u00f3\"}]},{\"@type\":\"WebSite\",\"@id\":\"https:\\\/\\\/www.navigatorinvest.com\\\/en\\\/#website\",\"url\":\"https:\\\/\\\/www.navigatorinvest.com\\\/en\\\/\",\"name\":\"NAVIGATOR Investments Nyrt.\",\"description\":\"Az innovat\u00edv technol\u00f3gi\u00e1k \u00e9s a KKV szektor befektet\u0151je\",\"publisher\":{\"@id\":\"https:\\\/\\\/www.navigatorinvest.com\\\/en\\\/#organization\"},\"potentialAction\":[{\"@type\":\"SearchAction\",\"target\":{\"@type\":\"EntryPoint\",\"urlTemplate\":\"https:\\\/\\\/www.navigatorinvest.com\\\/en\\\/?s={search_term_string}\"},\"query-input\":{\"@type\":\"PropertyValueSpecification\",\"valueRequired\":true,\"valueName\":\"search_term_string\"}}],\"inLanguage\":\"en-US\"},{\"@type\":\"Organization\",\"@id\":\"https:\\\/\\\/www.navigatorinvest.com\\\/en\\\/#organization\",\"name\":\"Navigator Investments Zrt.\",\"url\":\"https:\\\/\\\/www.navigatorinvest.com\\\/en\\\/\",\"logo\":{\"@type\":\"ImageObject\",\"inLanguage\":\"en-US\",\"@id\":\"https:\\\/\\\/www.navigatorinvest.com\\\/en\\\/#\\\/schema\\\/logo\\\/image\\\/\",\"url\":\"https:\\\/\\\/www.navigatorinvest.com\\\/wp-content\\\/uploads\\\/2022\\\/01\\\/navigator-logo-cegtortenet-frissitett.png\",\"contentUrl\":\"https:\\\/\\\/www.navigatorinvest.com\\\/wp-content\\\/uploads\\\/2022\\\/01\\\/navigator-logo-cegtortenet-frissitett.png\",\"width\":200,\"height\":200,\"caption\":\"Navigator Investments Zrt.\"},\"image\":{\"@id\":\"https:\\\/\\\/www.navigatorinvest.com\\\/en\\\/#\\\/schema\\\/logo\\\/image\\\/\"}}]}<\/script>\n<!-- \/ Yoast SEO plugin. -->","yoast_head_json":{"title":"Rendezv\u00e9ny regisztr\u00e1ci\u00f3 - NAVIGATOR Investments Nyrt.","robots":{"index":"index","follow":"follow","max-snippet":"max-snippet:-1","max-image-preview":"max-image-preview:large","max-video-preview":"max-video-preview:-1"},"canonical":"https:\/\/www.navigatorinvest.com\/en\/rendezveny-regisztracio\/","og_locale":"en_US","og_type":"article","og_title":"Rendezv\u00e9ny regisztr\u00e1ci\u00f3 - NAVIGATOR Investments Nyrt.","og_description":"[vc_row][vc_column][investment_feature type=&#8221;openiconic&#8221; icon_openiconic=&#8221;vc-oi vc-oi-location-alt&#8221; title=&#8221;St. Andrea Wine &amp; Skybar&#8221; link=&#8221;&#8221;]3-5. De\u00e1k Ferenc street, Budapest, H-1052[\/investment_feature][investment_feature type=&#8221;openiconic&#8221; icon_openiconic=&#8221;vc-oi vc-oi-calendar&#8221; title=&#8221;2nd June 2022&#8243; link=&#8221;&#8221;]From 18:30 CET[\/investment_feature][vc_empty_space height=&#8221;40px&#8221;][\/vc_column][\/vc_row][vc_row el_class=&#8221;center-content&#8221;][vc_column width=&#8221;5\/6&#8243;][vc_column_text][\/vc_column_text][\/vc_column][\/vc_row][vc_row][vc_column][vc_empty_space height=&#8221;40px&#8221;][vc_separator][vc_column_text] In compliance with the law on certain","og_url":"https:\/\/www.navigatorinvest.com\/en\/rendezveny-regisztracio\/","og_site_name":"NAVIGATOR Investments Nyrt.","article_modified_time":"2023-04-21T09:34:43+00:00","twitter_card":"summary_large_image","twitter_misc":{"Est. reading time":"1 minute"},"schema":{"@context":"https:\/\/schema.org","@graph":[{"@type":"WebPage","@id":"https:\/\/www.navigatorinvest.com\/en\/rendezveny-regisztracio\/","url":"https:\/\/www.navigatorinvest.com\/en\/rendezveny-regisztracio\/","name":"Rendezv\u00e9ny regisztr\u00e1ci\u00f3 - NAVIGATOR Investments Nyrt.","isPartOf":{"@id":"https:\/\/www.navigatorinvest.com\/en\/#website"},"datePublished":"2022-05-05T12:18:50+00:00","dateModified":"2023-04-21T09:34:43+00:00","breadcrumb":{"@id":"https:\/\/www.navigatorinvest.com\/en\/rendezveny-regisztracio\/#breadcrumb"},"inLanguage":"en-US","potentialAction":[{"@type":"ReadAction","target":["https:\/\/www.navigatorinvest.com\/en\/rendezveny-regisztracio\/"]}]},{"@type":"BreadcrumbList","@id":"https:\/\/www.navigatorinvest.com\/en\/rendezveny-regisztracio\/#breadcrumb","itemListElement":[{"@type":"ListItem","position":1,"name":"Home","item":"https:\/\/www.navigatorinvest.com\/en\/"},{"@type":"ListItem","position":2,"name":"Rendezv\u00e9ny regisztr\u00e1ci\u00f3"}]},{"@type":"WebSite","@id":"https:\/\/www.navigatorinvest.com\/en\/#website","url":"https:\/\/www.navigatorinvest.com\/en\/","name":"NAVIGATOR Investments Nyrt.","description":"Az innovat\u00edv technol\u00f3gi\u00e1k \u00e9s a KKV szektor befektet\u0151je","publisher":{"@id":"https:\/\/www.navigatorinvest.com\/en\/#organization"},"potentialAction":[{"@type":"SearchAction","target":{"@type":"EntryPoint","urlTemplate":"https:\/\/www.navigatorinvest.com\/en\/?s={search_term_string}"},"query-input":{"@type":"PropertyValueSpecification","valueRequired":true,"valueName":"search_term_string"}}],"inLanguage":"en-US"},{"@type":"Organization","@id":"https:\/\/www.navigatorinvest.com\/en\/#organization","name":"Navigator Investments Zrt.","url":"https:\/\/www.navigatorinvest.com\/en\/","logo":{"@type":"ImageObject","inLanguage":"en-US","@id":"https:\/\/www.navigatorinvest.com\/en\/#\/schema\/logo\/image\/","url":"https:\/\/www.navigatorinvest.com\/wp-content\/uploads\/2022\/01\/navigator-logo-cegtortenet-frissitett.png","contentUrl":"https:\/\/www.navigatorinvest.com\/wp-content\/uploads\/2022\/01\/navigator-logo-cegtortenet-frissitett.png","width":200,"height":200,"caption":"Navigator Investments Zrt."},"image":{"@id":"https:\/\/www.navigatorinvest.com\/en\/#\/schema\/logo\/image\/"}}]}},"post_mailing_queue_ids":[],"_links":{"self":[{"href":"https:\/\/www.navigatorinvest.com\/en\/wp-json\/wp\/v2\/pages\/2875","targetHints":{"allow":["GET"]}}],"collection":[{"href":"https:\/\/www.navigatorinvest.com\/en\/wp-json\/wp\/v2\/pages"}],"about":[{"href":"https:\/\/www.navigatorinvest.com\/en\/wp-json\/wp\/v2\/types\/page"}],"author":[{"embeddable":true,"href":"https:\/\/www.navigatorinvest.com\/en\/wp-json\/wp\/v2\/users\/1"}],"replies":[{"embeddable":true,"href":"https:\/\/www.navigatorinvest.com\/en\/wp-json\/wp\/v2\/comments?post=2875"}],"version-history":[{"count":4,"href":"https:\/\/www.navigatorinvest.com\/en\/wp-json\/wp\/v2\/pages\/2875\/revisions"}],"predecessor-version":[{"id":2948,"href":"https:\/\/www.navigatorinvest.com\/en\/wp-json\/wp\/v2\/pages\/2875\/revisions\/2948"}],"wp:attachment":[{"href":"https:\/\/www.navigatorinvest.com\/en\/wp-json\/wp\/v2\/media?parent=2875"}],"curies":[{"name":"wp","href":"https:\/\/api.w.org\/{rel}","templated":true}]}}