{"id":2877,"date":"2021-04-04T18:24:49","date_gmt":"2021-04-04T18:24:49","guid":{"rendered":"https:\/\/www.navigatorinvest.com\/tokepiaci-szolgaltatasok\/"},"modified":"2024-02-28T18:05:01","modified_gmt":"2024-02-28T18:05:01","slug":"tokepiaci-szolgaltatasok","status":"publish","type":"page","link":"https:\/\/www.navigatorinvest.com\/en\/tokepiaci-szolgaltatasok\/","title":{"rendered":"Capital market services"},"content":{"rendered":"<div class=\"wpb-content-wrapper\"><p>[vc_row][vc_column][investment_about_company large_img_size=&#8221;investment-900&#215;700-crop&#8221; title=&#8221;BSE Xtend market launch {NOMAD &#8211; Nominated Adviser}&#8221; tag=&#8221;h1&#8243; add_underline=&#8221;yes&#8221; gallery=&#8221;2182,2180,2183&#8243;]<\/p>\n<h4 style=\"text-align: justify;\">As a partner of the Budapest Stock Exchange, NAVIGATOR Investments Plc. provides a full range of services related to raising funds on the capital market. In this context, it provides support for the public and private issuance and sale of bonds and shares.<\/h4>\n<p style=\"text-align: justify;\">Budapest Stock Exchange, which has the exclusive right to issue public securities to companies entering Xtend (the market operated by the BSE. Xtend is a new market explicitly specialized on SMEs, where entrants, while de-facto enjoying all the benefits of being a listed company, face significantly simplified requirements and lower entry costs compared to the traditional trading process. In addition, the costs of entering the market are further reduced by the special financial support system made available by BSE.<\/p>\n<p style=\"text-align: justify;\">At the same time, listing may be an alternative not only for companies that want to raise external capital, but also for those who want to take advantage of other benefits of listing (reputation, business trust or taxation) or for raising funds only after going public. Xtend also a solution for this scenario; the so-called technical launch, in which case the company becomes a private limited company without announcing a public issue of shares.<\/p>\n<p>[\/investment_about_company][vc_column_text]<\/p>\n<p style=\"text-align: justify;\"><strong>NAVIGATOR Investments<\/strong> accompanies and guides your company throughout the listing process, from developing a financing strategy to supporting exchange trading. Our service package includes:<\/p>\n<p>[\/vc_column_text][\/vc_column][\/vc_row][vc_row][vc_column][vc_separator][\/vc_column][\/vc_row][vc_row][vc_column width=&#8221;1\/4&#8243;][investment_title align=&#8221;left&#8221; tag=&#8221;h4&#8243; title=&#8221;Services&#8221; add_underline=&#8221;yes&#8221; style=&#8221;underline_small&#8221;][\/investment_title][\/vc_column][vc_column width=&#8221;3\/4&#8243;][investment_list_item add_icon=&#8221;yes&#8221; icon_bg=&#8221;&#8221; type=&#8221;openiconic&#8221; icon_openiconic=&#8221;vc-oi vc-oi-ok-circle&#8221; title=&#8221;Company evaluation and due diligence &#8211; legal and business conduct &#8211; examination of suitability of the company in meaning the Xtend requirements&#8221; style=&#8221;normal&#8221;][investment_list_item add_icon=&#8221;yes&#8221; icon_bg=&#8221;&#8221; type=&#8221;openiconic&#8221; icon_openiconic=&#8221;vc-oi vc-oi-ok-circle&#8221; title=&#8221;Conducting investor negotiations&#8221; style=&#8221;normal&#8221;][investment_list_item add_icon=&#8221;yes&#8221; icon_bg=&#8221;&#8221; type=&#8221;openiconic&#8221; icon_openiconic=&#8221;vc-oi vc-oi-ok-circle&#8221; title=&#8221;Preparation of documentation for the issue of shares&#8221; style=&#8221;normal&#8221;][investment_list_item add_icon=&#8221;yes&#8221; icon_bg=&#8221;&#8221; type=&#8221;openiconic&#8221; icon_openiconic=&#8221;vc-oi vc-oi-ok-circle&#8221; title=&#8221;Managing the issuance authorization process&#8221; style=&#8221;normal&#8221;][investment_list_item add_icon=&#8221;yes&#8221; icon_bg=&#8221;&#8221; type=&#8221;openiconic&#8221; icon_openiconic=&#8221;vc-oi vc-oi-ok-circle&#8221; title=&#8221;Legal advice on becoming a shareholder company&#8221; style=&#8221;normal&#8221;][investment_list_item add_icon=&#8221;yes&#8221; icon_bg=&#8221;&#8221; type=&#8221;openiconic&#8221; icon_openiconic=&#8221;vc-oi vc-oi-ok-circle&#8221; title=&#8221;Counselling on communication strategy during the sale of shares&#8221; style=&#8221;normal&#8221;][investment_list_item add_icon=&#8221;yes&#8221; icon_bg=&#8221;&#8221; type=&#8221;openiconic&#8221; icon_openiconic=&#8221;vc-oi vc-oi-ok-circle&#8221; title=&#8221;Managing the sale of shares&#8221; style=&#8221;normal&#8221;][\/vc_column][\/vc_row][vc_row][vc_column][vc_separator css=&#8221;.vc_custom_1477134698706{margin-top: 35px !important;margin-bottom: 35px !important;}&#8221;][\/vc_column][\/vc_row][vc_row][vc_column][vc_column_text]<\/p>\n<div id=\"tiled_gallery_6a01f254e3ccb\" class=\"gallery-tiled\" style=\"display:none;\"><a href=\"https:\/\/www.navigatorinvest.com\/en\/tokepiaci-szolgaltatasok\/dm-ker-csengetes-xtend-2\/\">\r\n\t\t\t\t\t\t<img decoding=\"async\" alt=\"DM-Ker trading starts on BSE\"\r\n\t\t\t\t\t\t     src=\"https:\/\/www.navigatorinvest.com\/wp-content\/uploads\/2022\/01\/dm-ker-csengetes-xtend.png\"\r\n\t\t\t\t\t\t     data-image=\"https:\/\/www.navigatorinvest.com\/wp-content\/uploads\/2022\/01\/dm-ker-csengetes-xtend.png\"\r\n\t\t\t\t\t\t     data-description=\"\"\r\n\t\t\t\t\t\t     style=\"display:none\">\r\n\t\t\t\t\t\t<\/a><a href=\"https:\/\/www.navigatorinvest.com\/en\/tokepiaci-szolgaltatasok\/megakran-csengetes-xtend-2\/\">\r\n\t\t\t\t\t\t<img decoding=\"async\" alt=\"Megakr\u00e1n trading starts on BSE\"\r\n\t\t\t\t\t\t     src=\"https:\/\/www.navigatorinvest.com\/wp-content\/uploads\/2022\/01\/megakran-csengetes-xtend.png\"\r\n\t\t\t\t\t\t     data-image=\"https:\/\/www.navigatorinvest.com\/wp-content\/uploads\/2022\/01\/megakran-csengetes-xtend.png\"\r\n\t\t\t\t\t\t     data-description=\"\"\r\n\t\t\t\t\t\t     style=\"display:none\">\r\n\t\t\t\t\t\t<\/a><a href=\"https:\/\/www.navigatorinvest.com\/en\/tokepiaci-szolgaltatasok\/gloster-csengetes-xtend-2\/\">\r\n\t\t\t\t\t\t<img decoding=\"async\" alt=\"Gloster trading starts on BSE\"\r\n\t\t\t\t\t\t     src=\"https:\/\/www.navigatorinvest.com\/wp-content\/uploads\/2022\/01\/gloster-csengetes-xtend.png\"\r\n\t\t\t\t\t\t     data-image=\"https:\/\/www.navigatorinvest.com\/wp-content\/uploads\/2022\/01\/gloster-csengetes-xtend.png\"\r\n\t\t\t\t\t\t     data-description=\"\"\r\n\t\t\t\t\t\t     style=\"display:none\">\r\n\t\t\t\t\t\t<\/a><a href=\"https:\/\/www.navigatorinvest.com\/en\/tokepiaci-szolgaltatasok\/ni-vertikal_01-2\/\">\r\n\t\t\t\t\t\t<img decoding=\"async\" alt=\"NI-Vertikal_01\"\r\n\t\t\t\t\t\t     src=\"https:\/\/www.navigatorinvest.com\/wp-content\/uploads\/2024\/02\/NI-Vertikal_01-e1709143414992.jpg\"\r\n\t\t\t\t\t\t     data-image=\"https:\/\/www.navigatorinvest.com\/wp-content\/uploads\/2024\/02\/NI-Vertikal_01-e1709143414992.jpg\"\r\n\t\t\t\t\t\t     data-description=\"\"\r\n\t\t\t\t\t\t     style=\"display:none\">\r\n\t\t\t\t\t\t<\/a><\/div>\r\n\t\t<script>\r\n\t\t\tjQuery(document).ready(function(){\r\n\t\t\t\tjQuery(\"#tiled_gallery_6a01f254e3ccb\").unitegallery({\r\n\t\t\t\t\ttiles_type:\"justified\",\r\n\t\t\t\t\ttiles_justified_space_between: 10\r\n\t\t\t\t});\r\n\t\t\t});\r\n\t\t<\/script>\n<p>[\/vc_column_text][vc_btn title=&#8221;Find out more about BSE Xtend&#8221; color=&#8221;btn-secondary&#8221; align=&#8221;center&#8221; link=&#8221;url:https%3A%2F%2Fbse.hu%2FIssuers%2Fservices-for-medium-sized-companies%2Fxtend%2FWhat-is-BSE-Xtend-and-what-benefits-does-it-offer-to-medium-sized-companies|title:Find%20out%20more%20about%20BSE%20Xtend&#8221;][\/vc_column][\/vc_row]<\/p>\n<\/div>","protected":false},"excerpt":{"rendered":"<p>[vc_row][vc_column][investment_about_company large_img_size=&#8221;investment-900&#215;700-crop&#8221; title=&#8221;BSE Xtend market launch {NOMAD &#8211; Nominated Adviser}&#8221; tag=&#8221;h1&#8243; add_underline=&#8221;yes&#8221; gallery=&#8221;2182,2180,2183&#8243;] As a partner of the Budapest Stock Exchange, NAVIGATOR Investments Plc. provides a full range of services related to raising funds on<\/p>\n<div class=\"read-more-wrap\"><a href=\"https:\/\/www.navigatorinvest.com\/en\/tokepiaci-szolgaltatasok\/\" class=\"button btn-secondary btn_normal\">  <i class=\"icon-arrows-slim-right\"><\/i><\/a><\/div>\n","protected":false},"author":3,"featured_media":0,"parent":0,"menu_order":0,"comment_status":"closed","ping_status":"closed","template":"","meta":{"footnotes":""},"class_list":["post-2877","page","type-page","status-publish","hentry"],"yoast_head":"<!-- This site is optimized with the Yoast SEO plugin v27.5 - https:\/\/yoast.com\/product\/yoast-seo-wordpress\/ -->\n<title>Capital market services - NAVIGATOR Investments Nyrt.<\/title>\n<meta name=\"description\" content=\"A Budapesti \u00c9rt\u00e9kt\u0151zsde partnerek\u00e9nt a NAVIGATOR Investments Zrt. teljesk\u00f6r\u0171 szolg\u00e1ltat\u00e1s-csomagot biztos\u00edt t\u0151kepiaci forr\u00e1sbevon\u00e1s eset\u00e9n.\" \/>\n<meta name=\"robots\" content=\"index, follow, max-snippet:-1, max-image-preview:large, max-video-preview:-1\" \/>\n<link rel=\"canonical\" href=\"https:\/\/www.navigatorinvest.com\/en\/tokepiaci-szolgaltatasok\/\" \/>\n<meta property=\"og:locale\" content=\"en_US\" \/>\n<meta property=\"og:type\" content=\"article\" \/>\n<meta property=\"og:title\" content=\"Capital market services - NAVIGATOR Investments Nyrt.\" \/>\n<meta property=\"og:description\" content=\"A Budapesti \u00c9rt\u00e9kt\u0151zsde partnerek\u00e9nt a NAVIGATOR Investments Zrt. teljesk\u00f6r\u0171 szolg\u00e1ltat\u00e1s-csomagot biztos\u00edt t\u0151kepiaci forr\u00e1sbevon\u00e1s eset\u00e9n.\" \/>\n<meta property=\"og:url\" content=\"https:\/\/www.navigatorinvest.com\/en\/tokepiaci-szolgaltatasok\/\" \/>\n<meta property=\"og:site_name\" content=\"NAVIGATOR Investments Nyrt.\" \/>\n<meta property=\"article:modified_time\" content=\"2024-02-28T18:05:01+00:00\" \/>\n<meta name=\"twitter:card\" content=\"summary_large_image\" \/>\n<meta name=\"twitter:label1\" content=\"Est. reading time\" \/>\n\t<meta name=\"twitter:data1\" content=\"2 minutes\" \/>\n<script type=\"application\/ld+json\" class=\"yoast-schema-graph\">{\"@context\":\"https:\\\/\\\/schema.org\",\"@graph\":[{\"@type\":\"WebPage\",\"@id\":\"https:\\\/\\\/www.navigatorinvest.com\\\/en\\\/tokepiaci-szolgaltatasok\\\/\",\"url\":\"https:\\\/\\\/www.navigatorinvest.com\\\/en\\\/tokepiaci-szolgaltatasok\\\/\",\"name\":\"Capital market services - NAVIGATOR Investments Nyrt.\",\"isPartOf\":{\"@id\":\"https:\\\/\\\/www.navigatorinvest.com\\\/en\\\/#website\"},\"datePublished\":\"2021-04-04T18:24:49+00:00\",\"dateModified\":\"2024-02-28T18:05:01+00:00\",\"description\":\"A Budapesti \u00c9rt\u00e9kt\u0151zsde partnerek\u00e9nt a NAVIGATOR Investments Zrt. teljesk\u00f6r\u0171 szolg\u00e1ltat\u00e1s-csomagot biztos\u00edt t\u0151kepiaci forr\u00e1sbevon\u00e1s eset\u00e9n.\",\"breadcrumb\":{\"@id\":\"https:\\\/\\\/www.navigatorinvest.com\\\/en\\\/tokepiaci-szolgaltatasok\\\/#breadcrumb\"},\"inLanguage\":\"en-US\",\"potentialAction\":[{\"@type\":\"ReadAction\",\"target\":[\"https:\\\/\\\/www.navigatorinvest.com\\\/en\\\/tokepiaci-szolgaltatasok\\\/\"]}]},{\"@type\":\"BreadcrumbList\",\"@id\":\"https:\\\/\\\/www.navigatorinvest.com\\\/en\\\/tokepiaci-szolgaltatasok\\\/#breadcrumb\",\"itemListElement\":[{\"@type\":\"ListItem\",\"position\":1,\"name\":\"Home\",\"item\":\"https:\\\/\\\/www.navigatorinvest.com\\\/en\\\/\"},{\"@type\":\"ListItem\",\"position\":2,\"name\":\"Capital market services\"}]},{\"@type\":\"WebSite\",\"@id\":\"https:\\\/\\\/www.navigatorinvest.com\\\/en\\\/#website\",\"url\":\"https:\\\/\\\/www.navigatorinvest.com\\\/en\\\/\",\"name\":\"NAVIGATOR Investments Nyrt.\",\"description\":\"Az innovat\u00edv technol\u00f3gi\u00e1k \u00e9s a KKV szektor befektet\u0151je\",\"publisher\":{\"@id\":\"https:\\\/\\\/www.navigatorinvest.com\\\/en\\\/#organization\"},\"potentialAction\":[{\"@type\":\"SearchAction\",\"target\":{\"@type\":\"EntryPoint\",\"urlTemplate\":\"https:\\\/\\\/www.navigatorinvest.com\\\/en\\\/?s={search_term_string}\"},\"query-input\":{\"@type\":\"PropertyValueSpecification\",\"valueRequired\":true,\"valueName\":\"search_term_string\"}}],\"inLanguage\":\"en-US\"},{\"@type\":\"Organization\",\"@id\":\"https:\\\/\\\/www.navigatorinvest.com\\\/en\\\/#organization\",\"name\":\"Navigator Investments Zrt.\",\"url\":\"https:\\\/\\\/www.navigatorinvest.com\\\/en\\\/\",\"logo\":{\"@type\":\"ImageObject\",\"inLanguage\":\"en-US\",\"@id\":\"https:\\\/\\\/www.navigatorinvest.com\\\/en\\\/#\\\/schema\\\/logo\\\/image\\\/\",\"url\":\"https:\\\/\\\/www.navigatorinvest.com\\\/wp-content\\\/uploads\\\/2022\\\/01\\\/navigator-logo-cegtortenet-frissitett.png\",\"contentUrl\":\"https:\\\/\\\/www.navigatorinvest.com\\\/wp-content\\\/uploads\\\/2022\\\/01\\\/navigator-logo-cegtortenet-frissitett.png\",\"width\":200,\"height\":200,\"caption\":\"Navigator Investments Zrt.\"},\"image\":{\"@id\":\"https:\\\/\\\/www.navigatorinvest.com\\\/en\\\/#\\\/schema\\\/logo\\\/image\\\/\"}}]}<\/script>\n<!-- \/ Yoast SEO plugin. -->","yoast_head_json":{"title":"Capital market services - NAVIGATOR Investments Nyrt.","description":"A Budapesti \u00c9rt\u00e9kt\u0151zsde partnerek\u00e9nt a NAVIGATOR Investments Zrt. teljesk\u00f6r\u0171 szolg\u00e1ltat\u00e1s-csomagot biztos\u00edt t\u0151kepiaci forr\u00e1sbevon\u00e1s eset\u00e9n.","robots":{"index":"index","follow":"follow","max-snippet":"max-snippet:-1","max-image-preview":"max-image-preview:large","max-video-preview":"max-video-preview:-1"},"canonical":"https:\/\/www.navigatorinvest.com\/en\/tokepiaci-szolgaltatasok\/","og_locale":"en_US","og_type":"article","og_title":"Capital market services - NAVIGATOR Investments Nyrt.","og_description":"A Budapesti \u00c9rt\u00e9kt\u0151zsde partnerek\u00e9nt a NAVIGATOR Investments Zrt. teljesk\u00f6r\u0171 szolg\u00e1ltat\u00e1s-csomagot biztos\u00edt t\u0151kepiaci forr\u00e1sbevon\u00e1s eset\u00e9n.","og_url":"https:\/\/www.navigatorinvest.com\/en\/tokepiaci-szolgaltatasok\/","og_site_name":"NAVIGATOR Investments Nyrt.","article_modified_time":"2024-02-28T18:05:01+00:00","twitter_card":"summary_large_image","twitter_misc":{"Est. reading time":"2 minutes"},"schema":{"@context":"https:\/\/schema.org","@graph":[{"@type":"WebPage","@id":"https:\/\/www.navigatorinvest.com\/en\/tokepiaci-szolgaltatasok\/","url":"https:\/\/www.navigatorinvest.com\/en\/tokepiaci-szolgaltatasok\/","name":"Capital market services - NAVIGATOR Investments Nyrt.","isPartOf":{"@id":"https:\/\/www.navigatorinvest.com\/en\/#website"},"datePublished":"2021-04-04T18:24:49+00:00","dateModified":"2024-02-28T18:05:01+00:00","description":"A Budapesti \u00c9rt\u00e9kt\u0151zsde partnerek\u00e9nt a NAVIGATOR Investments Zrt. teljesk\u00f6r\u0171 szolg\u00e1ltat\u00e1s-csomagot biztos\u00edt t\u0151kepiaci forr\u00e1sbevon\u00e1s eset\u00e9n.","breadcrumb":{"@id":"https:\/\/www.navigatorinvest.com\/en\/tokepiaci-szolgaltatasok\/#breadcrumb"},"inLanguage":"en-US","potentialAction":[{"@type":"ReadAction","target":["https:\/\/www.navigatorinvest.com\/en\/tokepiaci-szolgaltatasok\/"]}]},{"@type":"BreadcrumbList","@id":"https:\/\/www.navigatorinvest.com\/en\/tokepiaci-szolgaltatasok\/#breadcrumb","itemListElement":[{"@type":"ListItem","position":1,"name":"Home","item":"https:\/\/www.navigatorinvest.com\/en\/"},{"@type":"ListItem","position":2,"name":"Capital market services"}]},{"@type":"WebSite","@id":"https:\/\/www.navigatorinvest.com\/en\/#website","url":"https:\/\/www.navigatorinvest.com\/en\/","name":"NAVIGATOR Investments Nyrt.","description":"Az innovat\u00edv technol\u00f3gi\u00e1k \u00e9s a KKV szektor befektet\u0151je","publisher":{"@id":"https:\/\/www.navigatorinvest.com\/en\/#organization"},"potentialAction":[{"@type":"SearchAction","target":{"@type":"EntryPoint","urlTemplate":"https:\/\/www.navigatorinvest.com\/en\/?s={search_term_string}"},"query-input":{"@type":"PropertyValueSpecification","valueRequired":true,"valueName":"search_term_string"}}],"inLanguage":"en-US"},{"@type":"Organization","@id":"https:\/\/www.navigatorinvest.com\/en\/#organization","name":"Navigator Investments Zrt.","url":"https:\/\/www.navigatorinvest.com\/en\/","logo":{"@type":"ImageObject","inLanguage":"en-US","@id":"https:\/\/www.navigatorinvest.com\/en\/#\/schema\/logo\/image\/","url":"https:\/\/www.navigatorinvest.com\/wp-content\/uploads\/2022\/01\/navigator-logo-cegtortenet-frissitett.png","contentUrl":"https:\/\/www.navigatorinvest.com\/wp-content\/uploads\/2022\/01\/navigator-logo-cegtortenet-frissitett.png","width":200,"height":200,"caption":"Navigator Investments Zrt."},"image":{"@id":"https:\/\/www.navigatorinvest.com\/en\/#\/schema\/logo\/image\/"}}]}},"post_mailing_queue_ids":[],"_links":{"self":[{"href":"https:\/\/www.navigatorinvest.com\/en\/wp-json\/wp\/v2\/pages\/2877","targetHints":{"allow":["GET"]}}],"collection":[{"href":"https:\/\/www.navigatorinvest.com\/en\/wp-json\/wp\/v2\/pages"}],"about":[{"href":"https:\/\/www.navigatorinvest.com\/en\/wp-json\/wp\/v2\/types\/page"}],"author":[{"embeddable":true,"href":"https:\/\/www.navigatorinvest.com\/en\/wp-json\/wp\/v2\/users\/3"}],"replies":[{"embeddable":true,"href":"https:\/\/www.navigatorinvest.com\/en\/wp-json\/wp\/v2\/comments?post=2877"}],"version-history":[{"count":3,"href":"https:\/\/www.navigatorinvest.com\/en\/wp-json\/wp\/v2\/pages\/2877\/revisions"}],"predecessor-version":[{"id":3700,"href":"https:\/\/www.navigatorinvest.com\/en\/wp-json\/wp\/v2\/pages\/2877\/revisions\/3700"}],"wp:attachment":[{"href":"https:\/\/www.navigatorinvest.com\/en\/wp-json\/wp\/v2\/media?parent=2877"}],"curies":[{"name":"wp","href":"https:\/\/api.w.org\/{rel}","templated":true}]}}