{"id":2878,"date":"2021-04-04T17:06:49","date_gmt":"2021-04-04T17:06:49","guid":{"rendered":"https:\/\/www.navigatorinvest.com\/generaciovaltas\/"},"modified":"2022-05-07T20:30:47","modified_gmt":"2022-05-07T20:30:47","slug":"generaciovaltas","status":"publish","type":"page","link":"https:\/\/www.navigatorinvest.com\/en\/generaciovaltas\/","title":{"rendered":"Generational change"},"content":{"rendered":"<div class=\"wpb-content-wrapper\"><p>[vc_row][vc_column][investment_about_company gallery_display=&#8221;&#8221; thumb_img_size=&#8221;investment&#8211;x125-crop&#8221; title=&#8221;Who will carry on my company if I am no longer around? {Generational change}&#8221; tag=&#8221;h1&#8243; add_underline=&#8221;yes&#8221; gallery=&#8221;2170,2171,2172&#8243;]<\/p>\n<h4><\/h4>\n<blockquote>\n<p style=\"text-align: justify;\"><em>&#8220;Entrepreneur over the age of 60 with a serious corporate background is looking for a solution for a company on the path of extinction.&#8221;<\/em><\/p>\n<ul>\n<li style=\"text-align: justify;\"><span style=\"color: #2b2b2c;\"><em><strong>Entrepreneur<\/strong><\/em><\/span><\/li>\n<\/ul>\n<\/blockquote>\n<p>&nbsp;<\/p>\n<p class=\"normal\" style=\"text-align: justify;\">There are plenty of companies and family businesses today facing the problem of replacing the owner. Generational change is a watershed in every business life. According to international experience, <strong>only 30 percent of first-generation family businesses can pass on the business successfully to the next generation<\/strong>. The fate of the majority, 70 percent, depends on whether the company manages to sell the business without compromising continuity, unless the sale is concluded the entire company could fail.<\/p>\n<p>[\/investment_about_company][vc_column_text]<\/p>\n<blockquote>\n<p style=\"text-align: justify;\"><em>\u201cThis is the best time to say a smart word to any parent who has an adolescent son. Find out if you can what your son wish to do and for God&#8217;s sake &#8211; and also for the benefit of your son &#8211; let him do it! No parent should force a child to do what the parent wants; the child himself should decide! It\u2019s about his life; livings his own life. He has every chance to prosper in case he has serious aspiration and is allowed to follow his desires.\u201d<\/em><\/p>\n<p style=\"text-align: justify;\"><strong>Roy Chapman Andrews<\/strong><\/p>\n<\/blockquote>\n<p>[\/vc_column_text][vc_empty_space height=&#8221;40px&#8221;][\/vc_column][\/vc_row][vc_row][vc_column][investment_title align=&#8221;left&#8221; tag=&#8221;h4&#8243; title=&#8221;Then the kid will carry it on, even though he is still working abroad right now!&#8221; add_underline=&#8221;yes&#8221; style=&#8221;underline_small&#8221;]<\/p>\n<p style=\"text-align: justify;\">Unfortunately, in most cases, the existence of the above problems is not known or not acknowledged by entrepreneurs, or they are only confronted when there are already serious problems in the management of the company. The biggest problem is that most entrepreneurs lack a conscious succession plan, not paying enough attention to the question of what the fate of the company will be in case he is no longer capable or ready to take the business any further. As a result, when the issue becomes acute, there is no opportunity or time to find an optimal solution to the following problems.<\/p>\n<p>[\/investment_title][vc_empty_space height=&#8221;40px&#8221;][\/vc_column][\/vc_row][vc_row][vc_column][investment_title align=&#8221;left&#8221; tag=&#8221;h4&#8243; title=&#8221;Why is generational change difficult for family businesses?&#8221; add_underline=&#8221;yes&#8221; style=&#8221;underline_small&#8221;]<strong>Because they do not deal with the following problems:<\/strong>[\/investment_title][investment_list_item add_icon=&#8221;yes&#8221; icon_bg=&#8221;&#8221; type=&#8221;openiconic&#8221; icon_openiconic=&#8221;vc-oi vc-oi-play-circle2&#8243; title=&#8221;Family issues&#8221; style=&#8221;h6&#8243; desc=&#8221;The resigning owner has no successor or the heir does not want to take over the business.&#8221;][investment_list_item add_icon=&#8221;yes&#8221; icon_bg=&#8221;&#8221; type=&#8221;openiconic&#8221; icon_openiconic=&#8221;vc-oi vc-oi-play-circle2&#8243; title=&#8221;Lack of competence&#8221; style=&#8221;h6&#8243; desc=&#8221;Although the new generation wants to take control, it lacks the right expertise and management skills to do this in a successful way.&#8221;][investment_list_item add_icon=&#8221;yes&#8221; icon_bg=&#8221;&#8221; type=&#8221;openiconic&#8221; icon_openiconic=&#8221;vc-oi vc-oi-play-circle2&#8243; title=&#8221;The corporate governance system is inefficient&#8221; style=&#8221;h6&#8243; desc=&#8221;Most family businesses are &#8211; in fact &#8211; one-man shows, meaning everything depends on the owner-manager.&#8221;][vc_empty_space height=&#8221;40px&#8221;][\/vc_column][\/vc_row][vc_row][vc_column][investment_title align=&#8221;left&#8221; tag=&#8221;h4&#8243; title=&#8221;What result this unclear situation may implicate?&#8221; add_underline=&#8221;yes&#8221; style=&#8221;underline_small&#8221;]<\/p>\n<p style=\"text-align: justify;\">This structure hinders the growth of a competent middle management team within the company, who could take over the management of the company if necessary, and could help the next generation to manage the company.<\/p>\n<p>[\/investment_title][vc_empty_space height=&#8221;40px&#8221;][\/vc_column][\/vc_row][vc_row][vc_column][investment_title align=&#8221;left&#8221; tag=&#8221;h4&#8243; title=&#8221;Possible scenarios&#8221; add_underline=&#8221;yes&#8221; style=&#8221;underline_small&#8221;][\/investment_title][vc_row_inner][vc_column_inner width=&#8221;1\/3&#8243;][vc_column_text]<\/p>\n<p style=\"text-align: center;\"><span style=\"color: #2a4068;\"><strong class=\"text-uppercase\">Possibility I.<\/strong><\/span><\/p>\n<p style=\"text-align: center;\"><strong>Retaining company ownership and involving professional management<\/strong><\/p>\n<p>[\/vc_column_text][vc_column_text]<\/p>\n<p style=\"text-align: justify;\">When replacing a first-generation entrepreneur, the model in which the founder retains ownership of the firm and appoints an external management to run the business is less effective. Principal reason for this the fact that the owner is mostly unable to release himself from daily decision making. He simply can\u2019t let go the company mainly because he\u2019s still financially dependent on it. This usually leads to a permanent conflict with the new management, since no real generational change occurs. Moreover, the external management is not motivated to the same extent as a founding owner since the management does not acquire ownership in the company.<\/p>\n<p>[\/vc_column_text][\/vc_column_inner][vc_column_inner width=&#8221;1\/3&#8243;][vc_column_text]<\/p>\n<p style=\"text-align: center;\"><span style=\"color: #2a4068;\"><strong class=\"text-uppercase\">Possibility II.<\/strong><\/span><\/p>\n<p style=\"text-align: center;\"><strong>Selling the company as a whole<\/strong><\/p>\n<p>[\/vc_column_text][vc_empty_space height=&#8221;30px&#8221;][vc_column_text]<\/p>\n<p style=\"text-align: justify;\">As it is also demonstrated by international examples, the most effective solution for a family business where family inheritance cannot be resolved is the sale of the company as a whole. The principal question mostly is the selection of potential buying party and take-over method:<\/p>\n<p>[\/vc_column_text][investment_list_item title=&#8221;Strategic investor&#8221; style=&#8221;h_small&#8221;][investment_list_item title=&#8221;Internal management buyout&#8221; style=&#8221;h_small&#8221;][investment_list_item title=&#8221;External management buyout&#8221; style=&#8221;h_small&#8221;][\/vc_column_inner][vc_column_inner width=&#8221;1\/3&#8243;][vc_column_text]<\/p>\n<p style=\"text-align: center;\"><span style=\"color: #2a4068;\"><strong class=\"text-uppercase\">III. Possibility<\/strong><\/span><\/p>\n<p style=\"text-align: center;\"><strong>Selling and retaining at the same time: head to BSE Xtend<\/strong><\/p>\n<p>[\/vc_column_text][vc_column_text]<\/p>\n<p style=\"text-align: justify;\">Entry to the public capital market is the optimal solution. The issuance of securities provides the right answer to the biggest dilemmas of the outgoing generation: they can sell part of the company and stay in the business while professional management takes over the running of the company business.<\/p>\n<p>[\/vc_column_text][vc_single_image image=&#8221;2177&#8243; img_size=&#8221;large&#8221; alignment=&#8221;center&#8221; onclick=&#8221;custom_link&#8221; link=&#8221;https:\/\/www.bet.hu\/Kibocsatok\/kozepvallalati-szolgaltatasok\/xtend\/Elonyok-a-BET-Xtend-piacon&#8221;][\/vc_column_inner][\/vc_row_inner][vc_empty_space height=&#8221;40px&#8221;][\/vc_column][\/vc_row][vc_row][vc_column][investment_title align=&#8221;left&#8221; tag=&#8221;h4&#8243; title=&#8221;NAVIGATOR solution&#8221; add_underline=&#8221;yes&#8221; style=&#8221;underline_small&#8221;][\/investment_title][vc_column_text]<\/p>\n<p class=\"normal\" style=\"text-align: justify;\">NAVIGATOR Investments will accompany you and your company through the process of generational change, ensuring that the goodwill created by the outgoing owner is maintained, providing a full range of services. It keeps in mind the preservation of corporate values and culture and oversees smooth transition.<\/p>\n<p>[\/vc_column_text][\/vc_column][\/vc_row][vc_row][vc_column width=&#8221;1\/4&#8243;][investment_title align=&#8221;left&#8221; tag=&#8221;h6&#8243; title=&#8221;In what scenarios you need our services?&#8221; add_underline=&#8221;yes&#8221; style=&#8221;underline_small&#8221;][\/investment_title][\/vc_column][vc_column width=&#8221;3\/4&#8243;][investment_list_item add_icon=&#8221;yes&#8221; icon_bg=&#8221;&#8221; type=&#8221;openiconic&#8221; icon_openiconic=&#8221;vc-oi vc-oi-play-circle2&#8243; title=&#8221;Can&#8217;t locate investors?&#8221; style=&#8221;h6&#8243; desc=&#8221;Don\u2019t have a relationship with investors who could buy the company, and don\u2019t know how to look for such investors?&#8221;][investment_list_item add_icon=&#8221;yes&#8221; icon_bg=&#8221;&#8221; type=&#8221;openiconic&#8221; icon_openiconic=&#8221;vc-oi vc-oi-play-circle2&#8243; title=&#8221;Can&#8217;t find professional management for your company?&#8221; style=&#8221;h6&#8243; desc=&#8221;Lacking a network of contacts enabling to find professional management or &#8211; often &#8211; encountering with difficulties in motivating the external professionals.&#8221;][investment_list_item add_icon=&#8221;yes&#8221; icon_bg=&#8221;&#8221; type=&#8221;openiconic&#8221; icon_openiconic=&#8221;vc-oi vc-oi-play-circle2&#8243; title=&#8221;Problems with the sale of the company?&#8221; style=&#8221;h6&#8243; desc=&#8221;Problems with the process of sale of the company and finding the common language with potential investors.&#8221;][\/vc_column][\/vc_row][vc_row][vc_column][vc_empty_space height=&#8221;40px&#8221;][\/vc_column][\/vc_row][vc_row][vc_column width=&#8221;1\/4&#8243;][investment_title align=&#8221;left&#8221; tag=&#8221;h6&#8243; title=&#8221;What we can offer&#8221; add_underline=&#8221;yes&#8221; style=&#8221;underline_small&#8221;][\/investment_title][\/vc_column][vc_column width=&#8221;3\/4&#8243;][investment_list_item add_icon=&#8221;yes&#8221; icon_bg=&#8221;&#8221; type=&#8221;openiconic&#8221; icon_openiconic=&#8221;vc-oi vc-oi-ok-circle&#8221; title=&#8221;Developing and implementing an inheritance strategy&#8221; style=&#8221;h6&#8243;][investment_list_item add_icon=&#8221;yes&#8221; icon_bg=&#8221;&#8221; type=&#8221;openiconic&#8221; icon_openiconic=&#8221;vc-oi vc-oi-ok-circle&#8221; title=&#8221;If necessary providing interim management or coaching for the duration of the changeover&#8221; style=&#8221;h6&#8243;][investment_list_item add_icon=&#8221;yes&#8221; icon_bg=&#8221;&#8221; type=&#8221;openiconic&#8221; icon_openiconic=&#8221;vc-oi vc-oi-ok-circle&#8221; title=&#8221;The development and formation of appropriate new management&#8221; style=&#8221;h6&#8243;][investment_list_item add_icon=&#8221;yes&#8221; icon_bg=&#8221;&#8221; type=&#8221;openiconic&#8221; icon_openiconic=&#8221;vc-oi vc-oi-ok-circle&#8221; title=&#8221;In case of ownership exit (sale of the company), due diligence and evaluation services.&#8221; style=&#8221;h6&#8243;][\/vc_column][\/vc_row][vc_row][vc_column][vc_empty_space height=&#8221;40px&#8221;][\/vc_column][\/vc_row][vc_row][vc_column width=&#8221;1\/4&#8243;][investment_title align=&#8221;left&#8221; tag=&#8221;h6&#8243; title=&#8221;Lecture by Zolt\u00e1n Jutasi on company inheritance&#8221; add_underline=&#8221;yes&#8221; style=&#8221;underline_small&#8221;][\/investment_title][\/vc_column][vc_column width=&#8221;3\/4&#8243;][vc_video link=&#8221;https:\/\/www.youtube.com\/watch?v=FZBNKt1uO54&#8243; align=&#8221;center&#8221;][\/vc_column][\/vc_row]<\/p>\n<\/div>","protected":false},"excerpt":{"rendered":"<p>[vc_row][vc_column][investment_about_company gallery_display=&#8221;&#8221; thumb_img_size=&#8221;investment&#8211;x125-crop&#8221; title=&#8221;Who will carry on my company if I am no longer around? {Generational change}&#8221; tag=&#8221;h1&#8243; add_underline=&#8221;yes&#8221; gallery=&#8221;2170,2171,2172&#8243;] &#8220;Entrepreneur over the age of 60 with a serious corporate background is looking for a<\/p>\n<div class=\"read-more-wrap\"><a href=\"https:\/\/www.navigatorinvest.com\/en\/generaciovaltas\/\" class=\"button btn-secondary btn_normal\">  <i class=\"icon-arrows-slim-right\"><\/i><\/a><\/div>\n","protected":false},"author":3,"featured_media":0,"parent":0,"menu_order":0,"comment_status":"closed","ping_status":"closed","template":"","meta":{"footnotes":""},"class_list":["post-2878","page","type-page","status-publish","hentry"],"yoast_head":"<!-- This site is optimized with the Yoast SEO plugin v27.5 - https:\/\/yoast.com\/product\/yoast-seo-wordpress\/ -->\n<title>Generational change - NAVIGATOR Investments Nyrt.<\/title>\n<meta name=\"description\" content=\"Generational change - There are plenty of companies and family businesses today facing the problem of replacing the owner.\" \/>\n<meta name=\"robots\" content=\"index, follow, max-snippet:-1, max-image-preview:large, max-video-preview:-1\" \/>\n<link rel=\"canonical\" href=\"https:\/\/www.navigatorinvest.com\/en\/generaciovaltas\/\" \/>\n<meta property=\"og:locale\" content=\"en_US\" \/>\n<meta property=\"og:type\" content=\"article\" \/>\n<meta property=\"og:title\" content=\"Generational change - NAVIGATOR Investments Nyrt.\" \/>\n<meta property=\"og:description\" content=\"Generational change - There are plenty of companies and family businesses today facing the problem of replacing the owner.\" \/>\n<meta property=\"og:url\" content=\"https:\/\/www.navigatorinvest.com\/en\/generaciovaltas\/\" \/>\n<meta property=\"og:site_name\" content=\"NAVIGATOR Investments Nyrt.\" \/>\n<meta property=\"article:modified_time\" content=\"2022-05-07T20:30:47+00:00\" \/>\n<meta name=\"twitter:card\" content=\"summary_large_image\" \/>\n<meta name=\"twitter:label1\" content=\"Est. reading time\" \/>\n\t<meta name=\"twitter:data1\" content=\"6 minutes\" \/>\n<script type=\"application\/ld+json\" class=\"yoast-schema-graph\">{\"@context\":\"https:\\\/\\\/schema.org\",\"@graph\":[{\"@type\":\"WebPage\",\"@id\":\"https:\\\/\\\/www.navigatorinvest.com\\\/en\\\/generaciovaltas\\\/\",\"url\":\"https:\\\/\\\/www.navigatorinvest.com\\\/en\\\/generaciovaltas\\\/\",\"name\":\"Generational change - NAVIGATOR Investments Nyrt.\",\"isPartOf\":{\"@id\":\"https:\\\/\\\/www.navigatorinvest.com\\\/en\\\/#website\"},\"datePublished\":\"2021-04-04T17:06:49+00:00\",\"dateModified\":\"2022-05-07T20:30:47+00:00\",\"description\":\"Generational change - There are plenty of companies and family businesses today facing the problem of replacing the owner.\",\"breadcrumb\":{\"@id\":\"https:\\\/\\\/www.navigatorinvest.com\\\/en\\\/generaciovaltas\\\/#breadcrumb\"},\"inLanguage\":\"en-US\",\"potentialAction\":[{\"@type\":\"ReadAction\",\"target\":[\"https:\\\/\\\/www.navigatorinvest.com\\\/en\\\/generaciovaltas\\\/\"]}]},{\"@type\":\"BreadcrumbList\",\"@id\":\"https:\\\/\\\/www.navigatorinvest.com\\\/en\\\/generaciovaltas\\\/#breadcrumb\",\"itemListElement\":[{\"@type\":\"ListItem\",\"position\":1,\"name\":\"Home\",\"item\":\"https:\\\/\\\/www.navigatorinvest.com\\\/en\\\/\"},{\"@type\":\"ListItem\",\"position\":2,\"name\":\"Generational change\"}]},{\"@type\":\"WebSite\",\"@id\":\"https:\\\/\\\/www.navigatorinvest.com\\\/en\\\/#website\",\"url\":\"https:\\\/\\\/www.navigatorinvest.com\\\/en\\\/\",\"name\":\"NAVIGATOR Investments Nyrt.\",\"description\":\"Az innovat\u00edv technol\u00f3gi\u00e1k \u00e9s a KKV szektor befektet\u0151je\",\"publisher\":{\"@id\":\"https:\\\/\\\/www.navigatorinvest.com\\\/en\\\/#organization\"},\"potentialAction\":[{\"@type\":\"SearchAction\",\"target\":{\"@type\":\"EntryPoint\",\"urlTemplate\":\"https:\\\/\\\/www.navigatorinvest.com\\\/en\\\/?s={search_term_string}\"},\"query-input\":{\"@type\":\"PropertyValueSpecification\",\"valueRequired\":true,\"valueName\":\"search_term_string\"}}],\"inLanguage\":\"en-US\"},{\"@type\":\"Organization\",\"@id\":\"https:\\\/\\\/www.navigatorinvest.com\\\/en\\\/#organization\",\"name\":\"Navigator Investments Zrt.\",\"url\":\"https:\\\/\\\/www.navigatorinvest.com\\\/en\\\/\",\"logo\":{\"@type\":\"ImageObject\",\"inLanguage\":\"en-US\",\"@id\":\"https:\\\/\\\/www.navigatorinvest.com\\\/en\\\/#\\\/schema\\\/logo\\\/image\\\/\",\"url\":\"https:\\\/\\\/www.navigatorinvest.com\\\/wp-content\\\/uploads\\\/2022\\\/01\\\/navigator-logo-cegtortenet-frissitett.png\",\"contentUrl\":\"https:\\\/\\\/www.navigatorinvest.com\\\/wp-content\\\/uploads\\\/2022\\\/01\\\/navigator-logo-cegtortenet-frissitett.png\",\"width\":200,\"height\":200,\"caption\":\"Navigator Investments Zrt.\"},\"image\":{\"@id\":\"https:\\\/\\\/www.navigatorinvest.com\\\/en\\\/#\\\/schema\\\/logo\\\/image\\\/\"}}]}<\/script>\n<!-- \/ Yoast SEO plugin. -->","yoast_head_json":{"title":"Generational change - NAVIGATOR Investments Nyrt.","description":"Generational change - There are plenty of companies and family businesses today facing the problem of replacing the owner.","robots":{"index":"index","follow":"follow","max-snippet":"max-snippet:-1","max-image-preview":"max-image-preview:large","max-video-preview":"max-video-preview:-1"},"canonical":"https:\/\/www.navigatorinvest.com\/en\/generaciovaltas\/","og_locale":"en_US","og_type":"article","og_title":"Generational change - NAVIGATOR Investments Nyrt.","og_description":"Generational change - There are plenty of companies and family businesses today facing the problem of replacing the owner.","og_url":"https:\/\/www.navigatorinvest.com\/en\/generaciovaltas\/","og_site_name":"NAVIGATOR Investments Nyrt.","article_modified_time":"2022-05-07T20:30:47+00:00","twitter_card":"summary_large_image","twitter_misc":{"Est. reading time":"6 minutes"},"schema":{"@context":"https:\/\/schema.org","@graph":[{"@type":"WebPage","@id":"https:\/\/www.navigatorinvest.com\/en\/generaciovaltas\/","url":"https:\/\/www.navigatorinvest.com\/en\/generaciovaltas\/","name":"Generational change - NAVIGATOR Investments Nyrt.","isPartOf":{"@id":"https:\/\/www.navigatorinvest.com\/en\/#website"},"datePublished":"2021-04-04T17:06:49+00:00","dateModified":"2022-05-07T20:30:47+00:00","description":"Generational change - There are plenty of companies and family businesses today facing the problem of replacing the owner.","breadcrumb":{"@id":"https:\/\/www.navigatorinvest.com\/en\/generaciovaltas\/#breadcrumb"},"inLanguage":"en-US","potentialAction":[{"@type":"ReadAction","target":["https:\/\/www.navigatorinvest.com\/en\/generaciovaltas\/"]}]},{"@type":"BreadcrumbList","@id":"https:\/\/www.navigatorinvest.com\/en\/generaciovaltas\/#breadcrumb","itemListElement":[{"@type":"ListItem","position":1,"name":"Home","item":"https:\/\/www.navigatorinvest.com\/en\/"},{"@type":"ListItem","position":2,"name":"Generational change"}]},{"@type":"WebSite","@id":"https:\/\/www.navigatorinvest.com\/en\/#website","url":"https:\/\/www.navigatorinvest.com\/en\/","name":"NAVIGATOR Investments Nyrt.","description":"Az innovat\u00edv technol\u00f3gi\u00e1k \u00e9s a KKV szektor befektet\u0151je","publisher":{"@id":"https:\/\/www.navigatorinvest.com\/en\/#organization"},"potentialAction":[{"@type":"SearchAction","target":{"@type":"EntryPoint","urlTemplate":"https:\/\/www.navigatorinvest.com\/en\/?s={search_term_string}"},"query-input":{"@type":"PropertyValueSpecification","valueRequired":true,"valueName":"search_term_string"}}],"inLanguage":"en-US"},{"@type":"Organization","@id":"https:\/\/www.navigatorinvest.com\/en\/#organization","name":"Navigator Investments Zrt.","url":"https:\/\/www.navigatorinvest.com\/en\/","logo":{"@type":"ImageObject","inLanguage":"en-US","@id":"https:\/\/www.navigatorinvest.com\/en\/#\/schema\/logo\/image\/","url":"https:\/\/www.navigatorinvest.com\/wp-content\/uploads\/2022\/01\/navigator-logo-cegtortenet-frissitett.png","contentUrl":"https:\/\/www.navigatorinvest.com\/wp-content\/uploads\/2022\/01\/navigator-logo-cegtortenet-frissitett.png","width":200,"height":200,"caption":"Navigator Investments Zrt."},"image":{"@id":"https:\/\/www.navigatorinvest.com\/en\/#\/schema\/logo\/image\/"}}]}},"post_mailing_queue_ids":[],"_links":{"self":[{"href":"https:\/\/www.navigatorinvest.com\/en\/wp-json\/wp\/v2\/pages\/2878","targetHints":{"allow":["GET"]}}],"collection":[{"href":"https:\/\/www.navigatorinvest.com\/en\/wp-json\/wp\/v2\/pages"}],"about":[{"href":"https:\/\/www.navigatorinvest.com\/en\/wp-json\/wp\/v2\/types\/page"}],"author":[{"embeddable":true,"href":"https:\/\/www.navigatorinvest.com\/en\/wp-json\/wp\/v2\/users\/3"}],"replies":[{"embeddable":true,"href":"https:\/\/www.navigatorinvest.com\/en\/wp-json\/wp\/v2\/comments?post=2878"}],"version-history":[{"count":2,"href":"https:\/\/www.navigatorinvest.com\/en\/wp-json\/wp\/v2\/pages\/2878\/revisions"}],"predecessor-version":[{"id":2882,"href":"https:\/\/www.navigatorinvest.com\/en\/wp-json\/wp\/v2\/pages\/2878\/revisions\/2882"}],"wp:attachment":[{"href":"https:\/\/www.navigatorinvest.com\/en\/wp-json\/wp\/v2\/media?parent=2878"}],"curies":[{"name":"wp","href":"https:\/\/api.w.org\/{rel}","templated":true}]}}