{"id":2888,"date":"2016-11-01T10:57:51","date_gmt":"2016-11-01T10:57:51","guid":{"rendered":"https:\/\/www.navigatorinvest.com\/csapatunk\/"},"modified":"2025-01-23T11:57:21","modified_gmt":"2025-01-23T11:57:21","slug":"csapatunk","status":"publish","type":"page","link":"https:\/\/www.navigatorinvest.com\/en\/csapatunk\/","title":{"rendered":"Our Team"},"content":{"rendered":"<div class=\"wpb-content-wrapper\"><p>[vc_row][vc_column][investment_title align=&#8221;left&#8221; tag=&#8221;h1&#8243; title=&#8221;Board&#8221; add_underline=&#8221;yes&#8221; style=&#8221;underline_small&#8221;][\/investment_title][\/vc_column][\/vc_row][vc_row][vc_column]<div class=\"experienced-team\">\r\n\t<div class=\"row\"> \r\n\r\n\t\t\r\n\t\t<div class=\"col-lg-12\">\r\n\t\t\t<div class=\"team-carousel\" data-column=\"3\" data-margin=\"30\">\t\t\t               \r\n\t\t\t\t\t\t\t\t\r\n\t\t\t\t\t\t<div class=\"single-team-member bg_gray\">\r\n\t\t\t\t\t\t\t<div class=\"team-member-photo\">\r\n\t\t\t\t\t\t\t\t<img decoding=\"async\" src=\"https:\/\/www.navigatorinvest.com\/wp-content\/uploads\/2016\/10\/jutasi-zoltan-1-600x600.png\" alt=\"Zolt\u00e1n Jutasi\">\t\r\n\t\t\t\t\t\t\t\t\t\t\t\t\t\t\t\t<a class=\"view-full-size\" href=\"https:\/\/www.navigatorinvest.com\/en\/team\/jutasi-zoltan\/\"><span>More<\/span><\/a>\r\n\t\t\t\t\t\t\t<\/div>\r\n\t\t\t\t\t\t\t<div class=\"team-member-details\">\r\n\t\t\t\t\t\t\t\t<a href=\"https:\/\/www.navigatorinvest.com\/en\/team\/jutasi-zoltan\/\"><h4>Zolt\u00e1n Jutasi<\/h4><\/a>\r\n\r\n\t\t\t\t\t\t\t\t\t\t\t\t\t\t\t\t<a href=\"https:\/\/www.navigatorinvest.com\/en\/team\/jutasi-zoltan\/\"><span class=\"caps_small\">Chairman of the Board<\/span><\/a>\r\n\t\t\t\t\t\t\t\t\t\t\t\t\t\t\t<\/div>\r\n\t\t\t\t\t\t<\/div><!-- .single-team-member -->\t\t\t\t\t\r\n\t\t\t\t\t\t\t\t\t\t\r\n\t\t\t\t\t\t<div class=\"single-team-member bg_gray\">\r\n\t\t\t\t\t\t\t<div class=\"team-member-photo\">\r\n\t\t\t\t\t\t\t\t<img decoding=\"async\" src=\"https:\/\/www.navigatorinvest.com\/wp-content\/uploads\/2022\/01\/jutasi-yvette-600x600.png\" alt=\"Yvette Jutasi\">\t\r\n\t\t\t\t\t\t\t\t\t\t\t\t\t\t\t\t<a class=\"view-full-size\" href=\"https:\/\/www.navigatorinvest.com\/en\/team\/jutasi-yvette\/\"><span>More<\/span><\/a>\r\n\t\t\t\t\t\t\t<\/div>\r\n\t\t\t\t\t\t\t<div class=\"team-member-details\">\r\n\t\t\t\t\t\t\t\t<a href=\"https:\/\/www.navigatorinvest.com\/en\/team\/jutasi-yvette\/\"><h4>Yvette Jutasi<\/h4><\/a>\r\n\r\n\t\t\t\t\t\t\t\t\t\t\t\t\t\t\t\t<a href=\"https:\/\/www.navigatorinvest.com\/en\/team\/jutasi-yvette\/\"><span class=\"caps_small\">Member of the Board<\/span><\/a>\r\n\t\t\t\t\t\t\t\t\t\t\t\t\t\t\t<\/div>\r\n\t\t\t\t\t\t<\/div><!-- .single-team-member -->\t\t\t\t\t\r\n\t\t\t\t\t\t\t\t\t\t\r\n\t\t\t\t\t\t<div class=\"single-team-member bg_gray\">\r\n\t\t\t\t\t\t\t<div class=\"team-member-photo\">\r\n\t\t\t\t\t\t\t\t<img decoding=\"async\" src=\"https:\/\/www.navigatorinvest.com\/wp-content\/uploads\/2022\/01\/thomas-pb-frater-600x600.png\" alt=\"Thomas PB Frater\">\t\r\n\t\t\t\t\t\t\t\t\t\t\t\t\t\t\t\t<a class=\"view-full-size\" href=\"https:\/\/www.navigatorinvest.com\/en\/team\/thomas-pb-frater\/\"><span>More<\/span><\/a>\r\n\t\t\t\t\t\t\t<\/div>\r\n\t\t\t\t\t\t\t<div class=\"team-member-details\">\r\n\t\t\t\t\t\t\t\t<a href=\"https:\/\/www.navigatorinvest.com\/en\/team\/thomas-pb-frater\/\"><h4>Thomas PB Frater<\/h4><\/a>\r\n\r\n\t\t\t\t\t\t\t\t\t\t\t\t\t\t\t\t<a href=\"https:\/\/www.navigatorinvest.com\/en\/team\/thomas-pb-frater\/\"><span class=\"caps_small\">Member of the Board<\/span><\/a>\r\n\t\t\t\t\t\t\t\t\t\t\t\t\t\t\t<\/div>\r\n\t\t\t\t\t\t<\/div><!-- .single-team-member -->\t\t\t\t\t\r\n\t\t\t\t\t\t\t\t<\/div>\t\t\r\n\t\t<\/div>\r\n\t<\/div> \r\n\t\t<\/div>\r\n[\/vc_column][\/vc_row][vc_row][vc_column][vc_empty_space height=&#8221;100px&#8221;][\/vc_column][\/vc_row][vc_row][vc_column][investment_title align=&#8221;left&#8221; tag=&#8221;h1&#8243; title=&#8221;Management&#8221; add_underline=&#8221;yes&#8221; style=&#8221;underline_small&#8221;][\/investment_title][\/vc_column][\/vc_row][vc_row][vc_column]<div class=\"experienced-team\">\r\n\t<div class=\"row\"> \r\n\r\n\t\t\r\n\t\t<div class=\"col-lg-12\">\r\n\t\t\t<div class=\"team-carousel\" data-column=\"3\" data-margin=\"30\">\t\t\t               \r\n\t\t\t\t\t\t\t\t\r\n\t\t\t\t\t\t<div class=\"single-team-member bg_gray\">\r\n\t\t\t\t\t\t\t<div class=\"team-member-photo\">\r\n\t\t\t\t\t\t\t\t<img decoding=\"async\" src=\"https:\/\/www.navigatorinvest.com\/wp-content\/uploads\/2016\/10\/bajtek-gyonygver-600x600.png\" alt=\"Gy\u00f6ngyv\u00e9r Bajtek\">\t\r\n\t\t\t\t\t\t\t\t\t\t\t\t\t\t\t\t<a class=\"view-full-size\" href=\"https:\/\/www.navigatorinvest.com\/en\/team\/bajtek-gyongyver\/\"><span>More<\/span><\/a>\r\n\t\t\t\t\t\t\t<\/div>\r\n\t\t\t\t\t\t\t<div class=\"team-member-details\">\r\n\t\t\t\t\t\t\t\t<a href=\"https:\/\/www.navigatorinvest.com\/en\/team\/bajtek-gyongyver\/\"><h4>Gy\u00f6ngyv\u00e9r Bajtek<\/h4><\/a>\r\n\r\n\t\t\t\t\t\t\t\t\t\t\t\t\t\t\t\t<a href=\"https:\/\/www.navigatorinvest.com\/en\/team\/bajtek-gyongyver\/\"><span class=\"caps_small\">CEO<\/span><\/a>\r\n\t\t\t\t\t\t\t\t\t\t\t\t\t\t\t<\/div>\r\n\t\t\t\t\t\t<\/div><!-- .single-team-member -->\t\t\t\t\t\r\n\t\t\t\t\t\t\t\t\t\t\r\n\t\t\t\t\t\t<div class=\"single-team-member bg_gray\">\r\n\t\t\t\t\t\t\t<div class=\"team-member-photo\">\r\n\t\t\t\t\t\t\t\t<img decoding=\"async\" src=\"https:\/\/www.navigatorinvest.com\/wp-content\/uploads\/2022\/01\/barany-gyula-corrv2-600x600.png\" alt=\"Gyula B\u00e1r\u00e1ny\">\t\r\n\t\t\t\t\t\t\t\t\t\t\t\t\t\t\t\t<a class=\"view-full-size\" href=\"https:\/\/www.navigatorinvest.com\/en\/team\/barany-gyula\/\"><span>More<\/span><\/a>\r\n\t\t\t\t\t\t\t<\/div>\r\n\t\t\t\t\t\t\t<div class=\"team-member-details\">\r\n\t\t\t\t\t\t\t\t<a href=\"https:\/\/www.navigatorinvest.com\/en\/team\/barany-gyula\/\"><h4>Gyula B\u00e1r\u00e1ny<\/h4><\/a>\r\n\r\n\t\t\t\t\t\t\t\t\t\t\t\t\t\t\t\t<a href=\"https:\/\/www.navigatorinvest.com\/en\/team\/barany-gyula\/\"><span class=\"caps_small\">Managing Director - Trifolium<\/span><\/a>\r\n\t\t\t\t\t\t\t\t\t\t\t\t\t\t\t<\/div>\r\n\t\t\t\t\t\t<\/div><!-- .single-team-member -->\t\t\t\t\t\r\n\t\t\t\t\t\t\t\t\t\t\r\n\t\t\t\t\t\t<div class=\"single-team-member bg_gray\">\r\n\t\t\t\t\t\t\t<div class=\"team-member-photo\">\r\n\t\t\t\t\t\t\t\t<img decoding=\"async\" src=\"https:\/\/www.navigatorinvest.com\/wp-content\/uploads\/2016\/10\/dr-bencze-miklos-600x600.png\" alt=\"Mikl\u00f3s Dr. Bencze\">\t\r\n\t\t\t\t\t\t\t\t\t\t\t\t\t\t\t\t<a class=\"view-full-size\" href=\"https:\/\/www.navigatorinvest.com\/en\/team\/dr-bencze-miklos\/\"><span>More<\/span><\/a>\r\n\t\t\t\t\t\t\t<\/div>\r\n\t\t\t\t\t\t\t<div class=\"team-member-details\">\r\n\t\t\t\t\t\t\t\t<a href=\"https:\/\/www.navigatorinvest.com\/en\/team\/dr-bencze-miklos\/\"><h4>Mikl\u00f3s Dr. Bencze<\/h4><\/a>\r\n\r\n\t\t\t\t\t\t\t\t\t\t\t\t\t\t\t\t<a href=\"https:\/\/www.navigatorinvest.com\/en\/team\/dr-bencze-miklos\/\"><span class=\"caps_small\">Legal and Transaction Director<\/span><\/a>\r\n\t\t\t\t\t\t\t\t\t\t\t\t\t\t\t<\/div>\r\n\t\t\t\t\t\t<\/div><!-- .single-team-member -->\t\t\t\t\t\r\n\t\t\t\t\t\t\t\t<\/div>\t\t\r\n\t\t<\/div>\r\n\t<\/div> \r\n\t\t<\/div>\r\n[vc_empty_space height=&#8221;40px&#8221;]<div class=\"experienced-team\">\r\n\t<div class=\"row\"> \r\n\r\n\t\t\r\n\t\t<div class=\"col-lg-12\">\r\n\t\t\t<div class=\"team-carousel\" data-column=\"3\" data-margin=\"30\">\t\t\t               \r\n\t\t\t\t\t\t\t\t\r\n\t\t\t\t\t\t<div class=\"single-team-member bg_gray\">\r\n\t\t\t\t\t\t\t<div class=\"team-member-photo\">\r\n\t\t\t\t\t\t\t\t<img decoding=\"async\" src=\"https:\/\/www.navigatorinvest.com\/wp-content\/uploads\/2022\/06\/NI-Foldi-Adrienn-corr-600x600.png\" alt=\"Adrienn F\u00f6ldi\">\t\r\n\t\t\t\t\t\t\t\t\t\t\t\t\t\t\t\t<a class=\"view-full-size\" href=\"https:\/\/www.navigatorinvest.com\/en\/team\/foldi-adrienn\/\"><span>More<\/span><\/a>\r\n\t\t\t\t\t\t\t<\/div>\r\n\t\t\t\t\t\t\t<div class=\"team-member-details\">\r\n\t\t\t\t\t\t\t\t<a href=\"https:\/\/www.navigatorinvest.com\/en\/team\/foldi-adrienn\/\"><h4>Adrienn F\u00f6ldi<\/h4><\/a>\r\n\r\n\t\t\t\t\t\t\t\t\t\t\t\t\t\t\t\t<a href=\"https:\/\/www.navigatorinvest.com\/en\/team\/foldi-adrienn\/\"><span class=\"caps_small\">Finance and Controlling Director<\/span><\/a>\r\n\t\t\t\t\t\t\t\t\t\t\t\t\t\t\t<\/div>\r\n\t\t\t\t\t\t<\/div><!-- .single-team-member -->\t\t\t\t\t\r\n\t\t\t\t\t\t\t\t\t\t\r\n\t\t\t\t\t\t<div class=\"single-team-member bg_gray\">\r\n\t\t\t\t\t\t\t<div class=\"team-member-photo\">\r\n\t\t\t\t\t\t\t\t<img decoding=\"async\" src=\"https:\/\/www.navigatorinvest.com\/wp-content\/uploads\/2022\/12\/NI-Pallag-Robert-600x600.png\" alt=\"R\u00f3bert Pallag\">\t\r\n\t\t\t\t\t\t\t\t\t\t\t\t\t\t\t\t<a class=\"view-full-size\" href=\"https:\/\/www.navigatorinvest.com\/en\/team\/pallag-robert\/\"><span>More<\/span><\/a>\r\n\t\t\t\t\t\t\t<\/div>\r\n\t\t\t\t\t\t\t<div class=\"team-member-details\">\r\n\t\t\t\t\t\t\t\t<a href=\"https:\/\/www.navigatorinvest.com\/en\/team\/pallag-robert\/\"><h4>R\u00f3bert Pallag<\/h4><\/a>\r\n\r\n\t\t\t\t\t\t\t\t\t\t\t\t\t\t\t\t<a href=\"https:\/\/www.navigatorinvest.com\/en\/team\/pallag-robert\/\"><span class=\"caps_small\">Investment and Business Development Director, Investor Relations<\/span><\/a>\r\n\t\t\t\t\t\t\t\t\t\t\t\t\t\t\t<\/div>\r\n\t\t\t\t\t\t<\/div><!-- .single-team-member -->\t\t\t\t\t\r\n\t\t\t\t\t\t\t\t<\/div>\t\t\r\n\t\t<\/div>\r\n\t<\/div> \r\n\t\t<\/div>\r\n[\/vc_column][\/vc_row][vc_row][vc_column][vc_empty_space height=&#8221;40px&#8221;][\/vc_column][\/vc_row]<\/p>\n<\/div>","protected":false},"excerpt":{"rendered":"<p>[vc_row][vc_column][investment_title align=&#8221;left&#8221; tag=&#8221;h1&#8243; title=&#8221;Board&#8221; add_underline=&#8221;yes&#8221; style=&#8221;underline_small&#8221;][\/investment_title][\/vc_column][\/vc_row][vc_row][vc_column][\/vc_column][\/vc_row][vc_row][vc_column][vc_empty_space height=&#8221;100px&#8221;][\/vc_column][\/vc_row][vc_row][vc_column][investment_title align=&#8221;left&#8221; tag=&#8221;h1&#8243; title=&#8221;Management&#8221; add_underline=&#8221;yes&#8221; style=&#8221;underline_small&#8221;][\/investment_title][\/vc_column][\/vc_row][vc_row][vc_column][vc_empty_space height=&#8221;40px&#8221;][\/vc_column][\/vc_row][vc_row][vc_column][vc_empty_space height=&#8221;40px&#8221;][\/vc_column][\/vc_row]<\/p>\n","protected":false},"author":1,"featured_media":0,"parent":0,"menu_order":0,"comment_status":"closed","ping_status":"closed","template":"","meta":{"footnotes":""},"class_list":["post-2888","page","type-page","status-publish","hentry"],"yoast_head":"<!-- This site is optimized with the Yoast SEO plugin v27.3 - https:\/\/yoast.com\/product\/yoast-seo-wordpress\/ -->\n<title>Our Team - NAVIGATOR Investments Nyrt.<\/title>\n<meta name=\"description\" content=\"The confidence, commitment and forward-looking vision of our staff and leaders are what makes us who we are and who we can be.\" \/>\n<meta name=\"robots\" content=\"index, follow, max-snippet:-1, max-image-preview:large, max-video-preview:-1\" \/>\n<link rel=\"canonical\" href=\"https:\/\/www.navigatorinvest.com\/en\/csapatunk\/\" \/>\n<meta property=\"og:locale\" content=\"en_US\" \/>\n<meta property=\"og:type\" content=\"article\" \/>\n<meta property=\"og:title\" content=\"Our Team - NAVIGATOR Investments Nyrt.\" \/>\n<meta property=\"og:description\" content=\"The confidence, commitment and forward-looking vision of our staff and leaders are what makes us who we are and who we can be.\" \/>\n<meta property=\"og:url\" content=\"https:\/\/www.navigatorinvest.com\/en\/csapatunk\/\" \/>\n<meta property=\"og:site_name\" content=\"NAVIGATOR Investments Nyrt.\" \/>\n<meta property=\"article:modified_time\" content=\"2025-01-23T11:57:21+00:00\" \/>\n<meta name=\"twitter:card\" content=\"summary_large_image\" \/>\n<meta name=\"twitter:label1\" content=\"Est. reading time\" \/>\n\t<meta name=\"twitter:data1\" content=\"1 minute\" \/>\n<script type=\"application\/ld+json\" class=\"yoast-schema-graph\">{\"@context\":\"https:\\\/\\\/schema.org\",\"@graph\":[{\"@type\":\"WebPage\",\"@id\":\"https:\\\/\\\/www.navigatorinvest.com\\\/en\\\/csapatunk\\\/\",\"url\":\"https:\\\/\\\/www.navigatorinvest.com\\\/en\\\/csapatunk\\\/\",\"name\":\"Our Team - NAVIGATOR Investments Nyrt.\",\"isPartOf\":{\"@id\":\"https:\\\/\\\/www.navigatorinvest.com\\\/en\\\/#website\"},\"datePublished\":\"2016-11-01T10:57:51+00:00\",\"dateModified\":\"2025-01-23T11:57:21+00:00\",\"description\":\"The confidence, commitment and forward-looking vision of our staff and leaders are what makes us who we are and who we can be.\",\"breadcrumb\":{\"@id\":\"https:\\\/\\\/www.navigatorinvest.com\\\/en\\\/csapatunk\\\/#breadcrumb\"},\"inLanguage\":\"en-US\",\"potentialAction\":[{\"@type\":\"ReadAction\",\"target\":[\"https:\\\/\\\/www.navigatorinvest.com\\\/en\\\/csapatunk\\\/\"]}]},{\"@type\":\"BreadcrumbList\",\"@id\":\"https:\\\/\\\/www.navigatorinvest.com\\\/en\\\/csapatunk\\\/#breadcrumb\",\"itemListElement\":[{\"@type\":\"ListItem\",\"position\":1,\"name\":\"Home\",\"item\":\"https:\\\/\\\/www.navigatorinvest.com\\\/en\\\/\"},{\"@type\":\"ListItem\",\"position\":2,\"name\":\"Our Team\"}]},{\"@type\":\"WebSite\",\"@id\":\"https:\\\/\\\/www.navigatorinvest.com\\\/en\\\/#website\",\"url\":\"https:\\\/\\\/www.navigatorinvest.com\\\/en\\\/\",\"name\":\"NAVIGATOR Investments Nyrt.\",\"description\":\"Az innovat\u00edv technol\u00f3gi\u00e1k \u00e9s a KKV szektor befektet\u0151je\",\"publisher\":{\"@id\":\"https:\\\/\\\/www.navigatorinvest.com\\\/en\\\/#organization\"},\"potentialAction\":[{\"@type\":\"SearchAction\",\"target\":{\"@type\":\"EntryPoint\",\"urlTemplate\":\"https:\\\/\\\/www.navigatorinvest.com\\\/en\\\/?s={search_term_string}\"},\"query-input\":{\"@type\":\"PropertyValueSpecification\",\"valueRequired\":true,\"valueName\":\"search_term_string\"}}],\"inLanguage\":\"en-US\"},{\"@type\":\"Organization\",\"@id\":\"https:\\\/\\\/www.navigatorinvest.com\\\/en\\\/#organization\",\"name\":\"Navigator Investments Zrt.\",\"url\":\"https:\\\/\\\/www.navigatorinvest.com\\\/en\\\/\",\"logo\":{\"@type\":\"ImageObject\",\"inLanguage\":\"en-US\",\"@id\":\"https:\\\/\\\/www.navigatorinvest.com\\\/en\\\/#\\\/schema\\\/logo\\\/image\\\/\",\"url\":\"https:\\\/\\\/www.navigatorinvest.com\\\/wp-content\\\/uploads\\\/2022\\\/01\\\/navigator-logo-cegtortenet-frissitett.png\",\"contentUrl\":\"https:\\\/\\\/www.navigatorinvest.com\\\/wp-content\\\/uploads\\\/2022\\\/01\\\/navigator-logo-cegtortenet-frissitett.png\",\"width\":200,\"height\":200,\"caption\":\"Navigator Investments Zrt.\"},\"image\":{\"@id\":\"https:\\\/\\\/www.navigatorinvest.com\\\/en\\\/#\\\/schema\\\/logo\\\/image\\\/\"}}]}<\/script>\n<!-- \/ Yoast SEO plugin. -->","yoast_head_json":{"title":"Our Team - NAVIGATOR Investments Nyrt.","description":"The confidence, commitment and forward-looking vision of our staff and leaders are what makes us who we are and who we can be.","robots":{"index":"index","follow":"follow","max-snippet":"max-snippet:-1","max-image-preview":"max-image-preview:large","max-video-preview":"max-video-preview:-1"},"canonical":"https:\/\/www.navigatorinvest.com\/en\/csapatunk\/","og_locale":"en_US","og_type":"article","og_title":"Our Team - NAVIGATOR Investments Nyrt.","og_description":"The confidence, commitment and forward-looking vision of our staff and leaders are what makes us who we are and who we can be.","og_url":"https:\/\/www.navigatorinvest.com\/en\/csapatunk\/","og_site_name":"NAVIGATOR Investments Nyrt.","article_modified_time":"2025-01-23T11:57:21+00:00","twitter_card":"summary_large_image","twitter_misc":{"Est. reading time":"1 minute"},"schema":{"@context":"https:\/\/schema.org","@graph":[{"@type":"WebPage","@id":"https:\/\/www.navigatorinvest.com\/en\/csapatunk\/","url":"https:\/\/www.navigatorinvest.com\/en\/csapatunk\/","name":"Our Team - NAVIGATOR Investments Nyrt.","isPartOf":{"@id":"https:\/\/www.navigatorinvest.com\/en\/#website"},"datePublished":"2016-11-01T10:57:51+00:00","dateModified":"2025-01-23T11:57:21+00:00","description":"The confidence, commitment and forward-looking vision of our staff and leaders are what makes us who we are and who we can be.","breadcrumb":{"@id":"https:\/\/www.navigatorinvest.com\/en\/csapatunk\/#breadcrumb"},"inLanguage":"en-US","potentialAction":[{"@type":"ReadAction","target":["https:\/\/www.navigatorinvest.com\/en\/csapatunk\/"]}]},{"@type":"BreadcrumbList","@id":"https:\/\/www.navigatorinvest.com\/en\/csapatunk\/#breadcrumb","itemListElement":[{"@type":"ListItem","position":1,"name":"Home","item":"https:\/\/www.navigatorinvest.com\/en\/"},{"@type":"ListItem","position":2,"name":"Our Team"}]},{"@type":"WebSite","@id":"https:\/\/www.navigatorinvest.com\/en\/#website","url":"https:\/\/www.navigatorinvest.com\/en\/","name":"NAVIGATOR Investments Nyrt.","description":"Az innovat\u00edv technol\u00f3gi\u00e1k \u00e9s a KKV szektor befektet\u0151je","publisher":{"@id":"https:\/\/www.navigatorinvest.com\/en\/#organization"},"potentialAction":[{"@type":"SearchAction","target":{"@type":"EntryPoint","urlTemplate":"https:\/\/www.navigatorinvest.com\/en\/?s={search_term_string}"},"query-input":{"@type":"PropertyValueSpecification","valueRequired":true,"valueName":"search_term_string"}}],"inLanguage":"en-US"},{"@type":"Organization","@id":"https:\/\/www.navigatorinvest.com\/en\/#organization","name":"Navigator Investments Zrt.","url":"https:\/\/www.navigatorinvest.com\/en\/","logo":{"@type":"ImageObject","inLanguage":"en-US","@id":"https:\/\/www.navigatorinvest.com\/en\/#\/schema\/logo\/image\/","url":"https:\/\/www.navigatorinvest.com\/wp-content\/uploads\/2022\/01\/navigator-logo-cegtortenet-frissitett.png","contentUrl":"https:\/\/www.navigatorinvest.com\/wp-content\/uploads\/2022\/01\/navigator-logo-cegtortenet-frissitett.png","width":200,"height":200,"caption":"Navigator Investments Zrt."},"image":{"@id":"https:\/\/www.navigatorinvest.com\/en\/#\/schema\/logo\/image\/"}}]}},"post_mailing_queue_ids":[],"_links":{"self":[{"href":"https:\/\/www.navigatorinvest.com\/en\/wp-json\/wp\/v2\/pages\/2888","targetHints":{"allow":["GET"]}}],"collection":[{"href":"https:\/\/www.navigatorinvest.com\/en\/wp-json\/wp\/v2\/pages"}],"about":[{"href":"https:\/\/www.navigatorinvest.com\/en\/wp-json\/wp\/v2\/types\/page"}],"author":[{"embeddable":true,"href":"https:\/\/www.navigatorinvest.com\/en\/wp-json\/wp\/v2\/users\/1"}],"replies":[{"embeddable":true,"href":"https:\/\/www.navigatorinvest.com\/en\/wp-json\/wp\/v2\/comments?post=2888"}],"version-history":[{"count":16,"href":"https:\/\/www.navigatorinvest.com\/en\/wp-json\/wp\/v2\/pages\/2888\/revisions"}],"predecessor-version":[{"id":4280,"href":"https:\/\/www.navigatorinvest.com\/en\/wp-json\/wp\/v2\/pages\/2888\/revisions\/4280"}],"wp:attachment":[{"href":"https:\/\/www.navigatorinvest.com\/en\/wp-json\/wp\/v2\/media?parent=2888"}],"curies":[{"name":"wp","href":"https:\/\/api.w.org\/{rel}","templated":true}]}}