{"id":2900,"date":"2016-10-30T08:23:07","date_gmt":"2016-10-30T08:23:07","guid":{"rendered":"https:\/\/www.navigatorinvest.com\/cegcsoport\/"},"modified":"2023-09-23T14:16:25","modified_gmt":"2023-09-23T14:16:25","slug":"cegcsoport","status":"publish","type":"page","link":"https:\/\/www.navigatorinvest.com\/en\/cegcsoport\/","title":{"rendered":"The Group"},"content":{"rendered":"<div class=\"wpb-content-wrapper\"><p>[vc_row][vc_column][investment_about_company thumb_img_size=&#8221;investment&#8211;x125-crop&#8221; title=&#8221;The NAVIGATOR Group&#8221; tag=&#8221;h1&#8243; add_underline=&#8221;yes&#8221; gallery=&#8221;2047,2051,2048,2049,2050&#8243;]<\/p>\n<h4 style=\"text-align: justify;\">The\u00a0<strong>NAVIGATOR Group<\/strong> is a company engaged in the organization and management of private equity investments and corporate finance. In addition to corporate transactions for our own portfolio, our team provides a full range of services in corporate acquisition and capital market fundraising projects.<\/h4>\n<p style=\"text-align: justify;\">Our services also cover the pre-screening of the target investment, strategic and detailed due diligence, and the development of the financial and legal framework for the transaction. Upon request, our experts will also assist in the implementation of the post-acquisition strategy. NAVIGATOR has <strong>more than 20 years of management experience<\/strong> in IT, telecommunications, real estate, construction industry, logistics, and capital markets. In response to the market changes of recent years, our activities as a customer and coordinator offer a solution for SMEs struggling with the challenges of <strong>generational change<\/strong>.<\/p>\n<p>[\/investment_about_company][vc_row_inner][vc_column_inner][vc_empty_space height=&#8221;40px&#8221;][\/vc_column_inner][\/vc_row_inner][\/vc_column][\/vc_row][vc_row][vc_column][vc_row_inner][vc_column_inner width=&#8221;1\/3&#8243;][investment_counterup type=&#8221;fontawesome&#8221; icon_fontawesome=&#8221;fas fa-chart-line&#8221; count=&#8221;500&#8243; title=&#8221;Revenue&#8221; subtitle=&#8221;Total sales {revenue} of the companies in the portfolio exceeded {$ 500 million} over the past 15 years.&#8221;][\/vc_column_inner][vc_column_inner width=&#8221;1\/3&#8243;][investment_counterup type=&#8221;fontawesome&#8221; icon_fontawesome=&#8221;fas fa-closed-captioning&#8221; count=&#8221;124&#8243; title=&#8221;Clients&#8221; subtitle=&#8221;Hundreds of satisfied customers in {IT, telecommunications, real estate, construction, manufacturing and shipping}.&#8221;][\/vc_column_inner][vc_column_inner width=&#8221;1\/3&#8243;][investment_counterup type=&#8221;fontawesome&#8221; icon_fontawesome=&#8221;fas fa-chart-bar&#8221; count=&#8221;100&#8243; title=&#8221;Acquistions&#8221; subtitle=&#8221;During the last 20 years {NAVIGATOR} has invested in nearly {100 companies belonging to 4 different groups} of companies.&#8221;][\/vc_column_inner][\/vc_row_inner][\/vc_column][\/vc_row][vc_row][vc_column][vc_empty_space height=&#8221;80px&#8221;][investment_title align=&#8221;left&#8221; tag=&#8221;h4&#8243; title=&#8221;Transactions&#8221; add_underline=&#8221;yes&#8221; style=&#8221;underline_small&#8221;][\/investment_title][vc_row_inner][vc_column_inner width=&#8221;1\/3&#8243;][vc_single_image image=&#8221;3601&#8243; img_size=&#8221;200&#215;100&#8243; alignment=&#8221;center&#8221;][investment_title align=&#8221;center&#8221; tag=&#8221;h4&#8243; title=&#8221;{2022-}&#8221;]<\/p>\n<h6 style=\"text-align: center;\"><span style=\"color: #2a4068;\">Instrum Ltd.<\/span><\/h6>\n<p>[\/investment_title][vc_empty_space height=&#8221;20px&#8221;][vc_separator color=&#8221;custom&#8221; accent_color=&#8221;#2a4068&#8243;][vc_column_text]<\/p>\n<p style=\"text-align: justify;\">Instrum Ltd. is a company that manufactures machined parts from fibre material by CNC turning. The high-quality parts produced by Instrum are mainly used in the automotive, mechanical engineering and healthcare industries. The company&#8217;s production hall is located in T\u00f6k\u00f6l.<\/p>\n<p>[\/vc_column_text][\/vc_column_inner][vc_column_inner width=&#8221;1\/3&#8243;][vc_single_image image=&#8221;3603&#8243; img_size=&#8221;200&#215;100&#8243; alignment=&#8221;center&#8221;][investment_title align=&#8221;center&#8221; tag=&#8221;h4&#8243; title=&#8221;{2020-}&#8221;]<\/p>\n<h6 style=\"text-align: center;\"><span style=\"color: #2a4068;\">Trifolium International Ltd.<\/span><\/h6>\n<p>[\/investment_title][vc_empty_space height=&#8221;20px&#8221;][vc_separator color=&#8221;custom&#8221; accent_color=&#8221;#2a4068&#8243;][vc_column_text]<\/p>\n<p style=\"text-align: justify;\">Trifolium International Ltd. is a subsidiary of NAVIGATOR Investments Plc. (since 2020), an enterprise engaged in general interior design and exhibition construction. Thanks to its own joinery plant, it offers its customers one-stop-shop service (design, production, construction).<\/p>\n<p>[\/vc_column_text][\/vc_column_inner][vc_column_inner width=&#8221;1\/3&#8243;][vc_single_image image=&#8221;1177&#8243; img_size=&#8221;200&#215;100&#8243; alignment=&#8221;center&#8221;][investment_title align=&#8221;center&#8221; tag=&#8221;h4&#8243; title=&#8221;{2018-2021}&#8221;]<\/p>\n<h6 style=\"text-align: center;\"><span style=\"color: #2a4068;\">Aperus Pharma Plc.<\/span><\/h6>\n<p>[\/investment_title][vc_empty_space height=&#8221;20px&#8221;][vc_separator color=&#8221;custom&#8221; accent_color=&#8221;#2a4068&#8243;][vc_column_text]<\/p>\n<p style=\"text-align: justify;\">Aperus Pharma Plc. was established in early 2018 with the specific goal of managing the clinical trials of a new anti-Alzheimer\u2019s drug candidate, Q134R. NAVIGATOR was involved in the project as an investor and business advisor from the company&#8217;s inception until 2021.<\/p>\n<p>[\/vc_column_text][\/vc_column_inner][\/vc_row_inner][vc_row_inner][vc_column_inner][vc_empty_space height=&#8221;40px&#8221;][\/vc_column_inner][\/vc_row_inner][vc_row_inner][vc_column_inner width=&#8221;1\/3&#8243;][vc_single_image image=&#8221;1171&#8243; img_size=&#8221;300&#215;100&#8243; alignment=&#8221;center&#8221;][investment_title align=&#8221;center&#8221; tag=&#8221;h4&#8243; title=&#8221;{2011-2013}&#8221;]<\/p>\n<h6 style=\"text-align: center;\"><span style=\"color: #2a4068;\">Synergon Informatika Plc.<\/span><\/h6>\n<p>[\/investment_title][vc_empty_space height=&#8221;20px&#8221;][vc_separator color=&#8221;custom&#8221; accent_color=&#8221;#2a4068&#8243;][vc_column_text]<\/p>\n<p style=\"text-align: justify;\">Shares of the leading solution provider company operating on a regional scale were listed at Budapest Stock Exchange (BSE) by that time and were owned by local investors.<\/p>\n<p>[\/vc_column_text][\/vc_column_inner][vc_column_inner width=&#8221;1\/3&#8243;][vc_single_image image=&#8221;1170&#8243; img_size=&#8221;medium&#8221; alignment=&#8221;center&#8221;][investment_title align=&#8221;center&#8221; tag=&#8221;h4&#8243; title=&#8221;{2001-2005}&#8221;]<\/p>\n<h6 style=\"text-align: center;\"><span style=\"color: #2a4068;\">NAVIGATOR <\/span><span style=\"color: #2a4068;\">Informatika Plc.<\/span><\/h6>\n<p>[\/investment_title][vc_empty_space height=&#8221;20px&#8221;][vc_separator color=&#8221;custom&#8221; accent_color=&#8221;#2a4068&#8243;][vc_column_text]<\/p>\n<p style=\"text-align: justify;\">Between 2001 and 2005, the company was one of the leading providers in the Hungarian IT outsourcing market with 80+ customers supporting nearly 4,000 users.<\/p>\n<p>[\/vc_column_text][\/vc_column_inner][\/vc_row_inner][\/vc_column][\/vc_row][vc_row][vc_column][vc_empty_space height=&#8221;40px&#8221;][\/vc_column][\/vc_row]<\/p>\n<\/div>","protected":false},"excerpt":{"rendered":"<p>[vc_row][vc_column][investment_about_company thumb_img_size=&#8221;investment&#8211;x125-crop&#8221; title=&#8221;The NAVIGATOR Group&#8221; tag=&#8221;h1&#8243; add_underline=&#8221;yes&#8221; gallery=&#8221;2047,2051,2048,2049,2050&#8243;] The\u00a0NAVIGATOR Group is a company engaged in the organization and management of private equity investments and corporate finance. In addition to corporate transactions for our own portfolio,<\/p>\n<div class=\"read-more-wrap\"><a href=\"https:\/\/www.navigatorinvest.com\/en\/cegcsoport\/\" class=\"button btn-secondary btn_normal\">  <i class=\"icon-arrows-slim-right\"><\/i><\/a><\/div>\n","protected":false},"author":1,"featured_media":0,"parent":0,"menu_order":0,"comment_status":"closed","ping_status":"closed","template":"","meta":{"footnotes":""},"class_list":["post-2900","page","type-page","status-publish","hentry"],"yoast_head":"<!-- This site is optimized with the Yoast SEO plugin v27.5 - https:\/\/yoast.com\/product\/yoast-seo-wordpress\/ -->\n<title>The Group - NAVIGATOR Investments Nyrt.<\/title>\n<meta name=\"description\" content=\"The NAVIGATOR Group as an investor primarily acquires and operates industrial, manufacturing and service businesses.\" \/>\n<meta name=\"robots\" content=\"index, follow, max-snippet:-1, max-image-preview:large, max-video-preview:-1\" \/>\n<link rel=\"canonical\" href=\"https:\/\/www.navigatorinvest.com\/en\/cegcsoport\/\" \/>\n<meta property=\"og:locale\" content=\"en_US\" \/>\n<meta property=\"og:type\" content=\"article\" \/>\n<meta property=\"og:title\" content=\"The Group - NAVIGATOR Investments Nyrt.\" \/>\n<meta property=\"og:description\" content=\"The NAVIGATOR Group as an investor primarily acquires and operates industrial, manufacturing and service businesses.\" \/>\n<meta property=\"og:url\" content=\"https:\/\/www.navigatorinvest.com\/en\/cegcsoport\/\" \/>\n<meta property=\"og:site_name\" content=\"NAVIGATOR Investments Nyrt.\" \/>\n<meta property=\"article:modified_time\" content=\"2023-09-23T14:16:25+00:00\" \/>\n<meta name=\"twitter:card\" content=\"summary_large_image\" \/>\n<meta name=\"twitter:label1\" content=\"Est. reading time\" \/>\n\t<meta name=\"twitter:data1\" content=\"3 minutes\" \/>\n<script type=\"application\/ld+json\" class=\"yoast-schema-graph\">{\"@context\":\"https:\\\/\\\/schema.org\",\"@graph\":[{\"@type\":\"WebPage\",\"@id\":\"https:\\\/\\\/www.navigatorinvest.com\\\/en\\\/cegcsoport\\\/\",\"url\":\"https:\\\/\\\/www.navigatorinvest.com\\\/en\\\/cegcsoport\\\/\",\"name\":\"The Group - NAVIGATOR Investments Nyrt.\",\"isPartOf\":{\"@id\":\"https:\\\/\\\/www.navigatorinvest.com\\\/en\\\/#website\"},\"datePublished\":\"2016-10-30T08:23:07+00:00\",\"dateModified\":\"2023-09-23T14:16:25+00:00\",\"description\":\"The NAVIGATOR Group as an investor primarily acquires and operates industrial, manufacturing and service businesses.\",\"breadcrumb\":{\"@id\":\"https:\\\/\\\/www.navigatorinvest.com\\\/en\\\/cegcsoport\\\/#breadcrumb\"},\"inLanguage\":\"en-US\",\"potentialAction\":[{\"@type\":\"ReadAction\",\"target\":[\"https:\\\/\\\/www.navigatorinvest.com\\\/en\\\/cegcsoport\\\/\"]}]},{\"@type\":\"BreadcrumbList\",\"@id\":\"https:\\\/\\\/www.navigatorinvest.com\\\/en\\\/cegcsoport\\\/#breadcrumb\",\"itemListElement\":[{\"@type\":\"ListItem\",\"position\":1,\"name\":\"Home\",\"item\":\"https:\\\/\\\/www.navigatorinvest.com\\\/en\\\/\"},{\"@type\":\"ListItem\",\"position\":2,\"name\":\"The Group\"}]},{\"@type\":\"WebSite\",\"@id\":\"https:\\\/\\\/www.navigatorinvest.com\\\/en\\\/#website\",\"url\":\"https:\\\/\\\/www.navigatorinvest.com\\\/en\\\/\",\"name\":\"NAVIGATOR Investments Nyrt.\",\"description\":\"Az innovat\u00edv technol\u00f3gi\u00e1k \u00e9s a KKV szektor befektet\u0151je\",\"publisher\":{\"@id\":\"https:\\\/\\\/www.navigatorinvest.com\\\/en\\\/#organization\"},\"potentialAction\":[{\"@type\":\"SearchAction\",\"target\":{\"@type\":\"EntryPoint\",\"urlTemplate\":\"https:\\\/\\\/www.navigatorinvest.com\\\/en\\\/?s={search_term_string}\"},\"query-input\":{\"@type\":\"PropertyValueSpecification\",\"valueRequired\":true,\"valueName\":\"search_term_string\"}}],\"inLanguage\":\"en-US\"},{\"@type\":\"Organization\",\"@id\":\"https:\\\/\\\/www.navigatorinvest.com\\\/en\\\/#organization\",\"name\":\"Navigator Investments Zrt.\",\"url\":\"https:\\\/\\\/www.navigatorinvest.com\\\/en\\\/\",\"logo\":{\"@type\":\"ImageObject\",\"inLanguage\":\"en-US\",\"@id\":\"https:\\\/\\\/www.navigatorinvest.com\\\/en\\\/#\\\/schema\\\/logo\\\/image\\\/\",\"url\":\"https:\\\/\\\/www.navigatorinvest.com\\\/wp-content\\\/uploads\\\/2022\\\/01\\\/navigator-logo-cegtortenet-frissitett.png\",\"contentUrl\":\"https:\\\/\\\/www.navigatorinvest.com\\\/wp-content\\\/uploads\\\/2022\\\/01\\\/navigator-logo-cegtortenet-frissitett.png\",\"width\":200,\"height\":200,\"caption\":\"Navigator Investments Zrt.\"},\"image\":{\"@id\":\"https:\\\/\\\/www.navigatorinvest.com\\\/en\\\/#\\\/schema\\\/logo\\\/image\\\/\"}}]}<\/script>\n<!-- \/ Yoast SEO plugin. -->","yoast_head_json":{"title":"The Group - NAVIGATOR Investments Nyrt.","description":"The NAVIGATOR Group as an investor primarily acquires and operates industrial, manufacturing and service businesses.","robots":{"index":"index","follow":"follow","max-snippet":"max-snippet:-1","max-image-preview":"max-image-preview:large","max-video-preview":"max-video-preview:-1"},"canonical":"https:\/\/www.navigatorinvest.com\/en\/cegcsoport\/","og_locale":"en_US","og_type":"article","og_title":"The Group - NAVIGATOR Investments Nyrt.","og_description":"The NAVIGATOR Group as an investor primarily acquires and operates industrial, manufacturing and service businesses.","og_url":"https:\/\/www.navigatorinvest.com\/en\/cegcsoport\/","og_site_name":"NAVIGATOR Investments Nyrt.","article_modified_time":"2023-09-23T14:16:25+00:00","twitter_card":"summary_large_image","twitter_misc":{"Est. reading time":"3 minutes"},"schema":{"@context":"https:\/\/schema.org","@graph":[{"@type":"WebPage","@id":"https:\/\/www.navigatorinvest.com\/en\/cegcsoport\/","url":"https:\/\/www.navigatorinvest.com\/en\/cegcsoport\/","name":"The Group - NAVIGATOR Investments Nyrt.","isPartOf":{"@id":"https:\/\/www.navigatorinvest.com\/en\/#website"},"datePublished":"2016-10-30T08:23:07+00:00","dateModified":"2023-09-23T14:16:25+00:00","description":"The NAVIGATOR Group as an investor primarily acquires and operates industrial, manufacturing and service businesses.","breadcrumb":{"@id":"https:\/\/www.navigatorinvest.com\/en\/cegcsoport\/#breadcrumb"},"inLanguage":"en-US","potentialAction":[{"@type":"ReadAction","target":["https:\/\/www.navigatorinvest.com\/en\/cegcsoport\/"]}]},{"@type":"BreadcrumbList","@id":"https:\/\/www.navigatorinvest.com\/en\/cegcsoport\/#breadcrumb","itemListElement":[{"@type":"ListItem","position":1,"name":"Home","item":"https:\/\/www.navigatorinvest.com\/en\/"},{"@type":"ListItem","position":2,"name":"The Group"}]},{"@type":"WebSite","@id":"https:\/\/www.navigatorinvest.com\/en\/#website","url":"https:\/\/www.navigatorinvest.com\/en\/","name":"NAVIGATOR Investments Nyrt.","description":"Az innovat\u00edv technol\u00f3gi\u00e1k \u00e9s a KKV szektor befektet\u0151je","publisher":{"@id":"https:\/\/www.navigatorinvest.com\/en\/#organization"},"potentialAction":[{"@type":"SearchAction","target":{"@type":"EntryPoint","urlTemplate":"https:\/\/www.navigatorinvest.com\/en\/?s={search_term_string}"},"query-input":{"@type":"PropertyValueSpecification","valueRequired":true,"valueName":"search_term_string"}}],"inLanguage":"en-US"},{"@type":"Organization","@id":"https:\/\/www.navigatorinvest.com\/en\/#organization","name":"Navigator Investments Zrt.","url":"https:\/\/www.navigatorinvest.com\/en\/","logo":{"@type":"ImageObject","inLanguage":"en-US","@id":"https:\/\/www.navigatorinvest.com\/en\/#\/schema\/logo\/image\/","url":"https:\/\/www.navigatorinvest.com\/wp-content\/uploads\/2022\/01\/navigator-logo-cegtortenet-frissitett.png","contentUrl":"https:\/\/www.navigatorinvest.com\/wp-content\/uploads\/2022\/01\/navigator-logo-cegtortenet-frissitett.png","width":200,"height":200,"caption":"Navigator Investments Zrt."},"image":{"@id":"https:\/\/www.navigatorinvest.com\/en\/#\/schema\/logo\/image\/"}}]}},"post_mailing_queue_ids":[],"_links":{"self":[{"href":"https:\/\/www.navigatorinvest.com\/en\/wp-json\/wp\/v2\/pages\/2900","targetHints":{"allow":["GET"]}}],"collection":[{"href":"https:\/\/www.navigatorinvest.com\/en\/wp-json\/wp\/v2\/pages"}],"about":[{"href":"https:\/\/www.navigatorinvest.com\/en\/wp-json\/wp\/v2\/types\/page"}],"author":[{"embeddable":true,"href":"https:\/\/www.navigatorinvest.com\/en\/wp-json\/wp\/v2\/users\/1"}],"replies":[{"embeddable":true,"href":"https:\/\/www.navigatorinvest.com\/en\/wp-json\/wp\/v2\/comments?post=2900"}],"version-history":[{"count":6,"href":"https:\/\/www.navigatorinvest.com\/en\/wp-json\/wp\/v2\/pages\/2900\/revisions"}],"predecessor-version":[{"id":3611,"href":"https:\/\/www.navigatorinvest.com\/en\/wp-json\/wp\/v2\/pages\/2900\/revisions\/3611"}],"wp:attachment":[{"href":"https:\/\/www.navigatorinvest.com\/en\/wp-json\/wp\/v2\/media?parent=2900"}],"curies":[{"name":"wp","href":"https:\/\/api.w.org\/{rel}","templated":true}]}}